{"id":37570,"date":"2026-02-22T15:42:03","date_gmt":"2026-02-22T14:42:03","guid":{"rendered":"https:\/\/africa-housing.com\/?page_id=37570"},"modified":"2026-03-16T10:11:30","modified_gmt":"2026-03-16T09:11:30","slug":"programme-de-courtage-et-de-recommandation","status":"publish","type":"page","link":"https:\/\/africa-housing.com\/fr\/programme-de-courtage-et-de-recommandation\/","title":{"rendered":"Programme de courtage et de recommandation"},"content":{"rendered":"<body>\t\t<div data-elementor-type=\"wp-page\" data-elementor-id=\"37570\" class=\"elementor elementor-37570 elementor-37542\" data-elementor-post-type=\"page\">\n\t\t\t\t\t\t<section class=\"elementor-section elementor-top-section elementor-element elementor-element-a527a83 elementor-section-height-min-height elementor-section-boxed elementor-section-height-default elementor-section-items-middle\" data-id=\"a527a83\" data-element_type=\"section\" data-e-type=\"section\" data-settings=\"{&quot;background_background&quot;:&quot;classic&quot;}\">\n\t\t\t\t\t\t\t<div class=\"elementor-background-overlay\"><\/div>\n\t\t\t\t\t\t\t<div class=\"elementor-container elementor-column-gap-default\">\n\t\t\t\t\t<div class=\"elementor-column elementor-col-100 elementor-top-column elementor-element elementor-element-5a1b998\" data-id=\"5a1b998\" data-element_type=\"column\" data-e-type=\"column\">\n\t\t\t<div class=\"elementor-widget-wrap elementor-element-populated\">\n\t\t\t\t\t\t<div class=\"elementor-element elementor-element-527a23e elementor-align-center elementor-mobile-align-justify elementor-widget elementor-widget-button\" data-id=\"527a23e\" data-element_type=\"widget\" data-e-type=\"widget\" data-widget_type=\"button.default\">\n\t\t\t\t<div class=\"elementor-widget-container\">\n\t\t\t\t\t\t\t\t\t<div class=\"elementor-button-wrapper\">\n\t\t\t\t\t<a class=\"elementor-button elementor-button-link elementor-size-lg elementor-animation-shrink\" href=\"https:\/\/docs.google.com\/forms\/d\/e\/1FAIpQLSeABDgffceyWOL4HRd4Xr_PlPfvKYG2uUARH0SudBt_UMyaKA\/viewform\" target=\"_blank\">\n\t\t\t\t\t\t<span class=\"elementor-button-content-wrapper\">\n\t\t\t\t\t\t<span class=\"elementor-button-icon\">\n\t\t\t\t<i aria-hidden=\"true\" class=\"fas fa-paper-plane\"><\/i>\t\t\t<\/span>\n\t\t\t\t\t\t\t\t\t<span class=\"elementor-button-text\">Inscrivez-vous !<\/span>\n\t\t\t\t\t<\/span>\n\t\t\t\t\t<\/a>\n\t\t\t\t<\/div>\n\t\t\t\t\t\t\t\t<\/div>\n\t\t\t\t<\/div>\n\t\t\t\t\t<\/div>\n\t\t<\/div>\n\t\t\t\t\t<\/div>\n\t\t<\/section>\n\t\t\t\t<section class=\"elementor-section elementor-top-section elementor-element elementor-element-8f08915 elementor-section-boxed elementor-section-height-default elementor-section-height-default\" data-id=\"8f08915\" data-element_type=\"section\" data-e-type=\"section\">\n\t\t\t\t\t\t<div class=\"elementor-container elementor-column-gap-default\">\n\t\t\t\t\t<div class=\"elementor-column elementor-col-100 elementor-top-column elementor-element elementor-element-3c71fc9\" data-id=\"3c71fc9\" data-element_type=\"column\" data-e-type=\"column\">\n\t\t\t<div class=\"elementor-widget-wrap elementor-element-populated\">\n\t\t\t\t\t\t<div class=\"elementor-element elementor-element-42e7849 elementor-widget elementor-widget-spacer\" data-id=\"42e7849\" data-element_type=\"widget\" data-e-type=\"widget\" data-widget_type=\"spacer.default\">\n\t\t\t\t<div class=\"elementor-widget-container\">\n\t\t\t\t\t\t\t<div class=\"elementor-spacer\">\n\t\t\t<div class=\"elementor-spacer-inner\"><\/div>\n\t\t<\/div>\n\t\t\t\t\t\t<\/div>\n\t\t\t\t<\/div>\n\t\t\t\t<div class=\"elementor-element elementor-element-aad0c45 elementor-widget elementor-widget-text-editor\" data-id=\"aad0c45\" data-element_type=\"widget\" data-e-type=\"widget\" data-widget_type=\"text-editor.default\">\n\t\t\t\t<div class=\"elementor-widget-container\">\n\t\t\t\t\t\t\t\t\t<h2><span style=\"font-weight: 400;\">Jobomax verse des frais de recommandation aux courtiers approuv\u00e9s pour les acheteurs qualifi\u00e9s pr\u00e9sent\u00e9s \u00e0 notre plateforme, sous r\u00e9serve des conditions ci-dessous.<\/span><\/h2>\t\t\t\t\t\t\t\t<\/div>\n\t\t\t\t<\/div>\n\t\t\t\t<div class=\"elementor-element elementor-element-4d517ea elementor-widget elementor-widget-spacer\" data-id=\"4d517ea\" data-element_type=\"widget\" data-e-type=\"widget\" data-widget_type=\"spacer.default\">\n\t\t\t\t<div class=\"elementor-widget-container\">\n\t\t\t\t\t\t\t<div class=\"elementor-spacer\">\n\t\t\t<div class=\"elementor-spacer-inner\"><\/div>\n\t\t<\/div>\n\t\t\t\t\t\t<\/div>\n\t\t\t\t<\/div>\n\t\t\t\t<div class=\"elementor-element elementor-element-76be2af elementor-widget elementor-widget-text-editor\" data-id=\"76be2af\" data-element_type=\"widget\" data-e-type=\"widget\" data-widget_type=\"text-editor.default\">\n\t\t\t\t<div class=\"elementor-widget-container\">\n\t\t\t\t\t\t\t\t\t<h2>Structure des frais<\/h2><ul><li><strong>Achats financ\u00e9s : <br><span style=\"color: #1f51ff;\">5 % de l\u2019acompte de l\u2019acheteur,<\/span> <\/strong> payable d\u00e8s r\u00e9ception des fonds par Jobomax.<\/li><li><strong>Achats au comptant (sans financement) : <br><span style=\"color: #1f51ff;\">5 % du prix d\u2019achat total,<\/span><\/strong> payable \u00e0 la cl\u00f4ture.<\/li><\/ul><h2>Enregistrement des clients et \u00e9ligibilit\u00e9<\/h2><ul><li style=\"font-weight: 400;\" aria-level=\"1\">Les courtiers <strong>doivent enregistrer et identifier leurs clients aupr\u00e8s de Jobomax avant toute pr\u00e9sentation ou engagement.<\/strong><\/li><li style=\"font-weight: 400;\" aria-level=\"1\">Les frais de recommandation s\u2019appliquent <strong>uniquement aux clients qui ne sont pas d\u00e9j\u00e0 en contact avec Jobomax<\/strong>.<\/li><li style=\"font-weight: 400;\" aria-level=\"1\">Si Jobomax communique d\u00e9j\u00e0 avec un client, lui fait du marketing ou est d\u00e9j\u00e0 en relation avec lui, <strong>aucun frais de recommandation ne sera honor\u00e9<\/strong>, quelle que soit la relation ant\u00e9rieure du courtier.<\/li><\/ul><h2>Approbation des courtiers<\/h2><ul><li style=\"font-weight: 400;\" aria-level=\"1\">Les courtiers <strong>doivent \u00eatre identifi\u00e9s et approuv\u00e9s par Jobomax \u00e0 l\u2019avance<\/strong> pour \u00eatre \u00e9ligibles \u00e0 une r\u00e9mun\u00e9ration.<\/li><li style=\"font-weight: 400;\" aria-level=\"1\"><span style=\"font-weight: 400;\"><span style=\"font-weight: 400;\">Jobomax se r\u00e9serve le droit exclusif d\u2019approuver ou de refuser les enregistrements de courtiers.<\/span><\/span><\/li><\/ul><h2>Conditions de paiement<\/h2><ul><li style=\"font-weight: 400;\" aria-level=\"1\">Les frais de recommandation ne sont payables que pour les transactions cl\u00f4tur\u00e9es avec succ\u00e8s.<\/li><li style=\"font-weight: 400;\" aria-level=\"1\"><span style=\"font-weight: 400;\">Aucun frais n\u2019est d\u00fb pour les transactions annul\u00e9es, non conclues ou en d\u00e9faut.<\/span><\/li><li style=\"font-weight: 400;\" aria-level=\"1\">Les frais sont vers\u00e9s <strong>apr\u00e8s que Jobomax a re\u00e7u les fonds de l\u2019acheteur<\/strong>, le cas \u00e9ch\u00e9ant.<\/li><\/ul><h2>Dispositions g\u00e9n\u00e9rales<\/h2><ul><li style=\"font-weight: 400;\" aria-level=\"1\">Cette politique <strong>s\u2019applique uniquement aux ventes de maisons r\u00e9sidentielles Jobomax<\/strong>.<\/li><li style=\"font-weight: 400;\" aria-level=\"1\"><span style=\"font-weight: 400;\">Jobomax peut mettre \u00e0 jour ou modifier cette politique \u00e0 tout moment.<\/span><\/li><li style=\"font-weight: 400;\" aria-level=\"1\"><span style=\"font-weight: 400;\"><span style=\"font-weight: 400;\">La participation au programme de courtage constitue une acceptation de ces conditions.<\/span><\/span><\/li><\/ul><p><span style=\"font-weight: 400;\">Pour \u00eatre \u00e9ligible \u00e0 des frais de recommandation, les courtiers doivent s\u2019inscrire et soumettre les d\u00e9tails de leurs clients \u00e0 l\u2019avance via le Portail des courtiers de Jobomax. <\/span><\/p>\t\t\t\t\t\t\t\t<\/div>\n\t\t\t\t<\/div>\n\t\t\t\t<div class=\"elementor-element elementor-element-0162169 elementor-widget elementor-widget-spacer\" data-id=\"0162169\" data-element_type=\"widget\" data-e-type=\"widget\" data-widget_type=\"spacer.default\">\n\t\t\t\t<div class=\"elementor-widget-container\">\n\t\t\t\t\t\t\t<div class=\"elementor-spacer\">\n\t\t\t<div class=\"elementor-spacer-inner\"><\/div>\n\t\t<\/div>\n\t\t\t\t\t\t<\/div>\n\t\t\t\t<\/div>\n\t\t\t\t<div class=\"elementor-element elementor-element-8b76461 elementor-align-center elementor-widget elementor-widget-button\" data-id=\"8b76461\" data-element_type=\"widget\" data-e-type=\"widget\" data-widget_type=\"button.default\">\n\t\t\t\t<div class=\"elementor-widget-container\">\n\t\t\t\t\t\t\t\t\t<div class=\"elementor-button-wrapper\">\n\t\t\t\t\t<a class=\"elementor-button elementor-button-link elementor-size-sm\" href=\"https:\/\/docs.google.com\/forms\/d\/e\/1FAIpQLSeABDgffceyWOL4HRd4Xr_PlPfvKYG2uUARH0SudBt_UMyaKA\/viewform\" target=\"_blank\">\n\t\t\t\t\t\t<span class=\"elementor-button-content-wrapper\">\n\t\t\t\t\t\t\t\t\t<span class=\"elementor-button-text\">Inscription des courtiers et enregistrement des clients<\/span>\n\t\t\t\t\t<\/span>\n\t\t\t\t\t<\/a>\n\t\t\t\t<\/div>\n\t\t\t\t\t\t\t\t<\/div>\n\t\t\t\t<\/div>\n\t\t\t\t<div class=\"elementor-element elementor-element-7d6e43e elementor-widget elementor-widget-spacer\" data-id=\"7d6e43e\" data-element_type=\"widget\" data-e-type=\"widget\" data-widget_type=\"spacer.default\">\n\t\t\t\t<div class=\"elementor-widget-container\">\n\t\t\t\t\t\t\t<div class=\"elementor-spacer\">\n\t\t\t<div class=\"elementor-spacer-inner\"><\/div>\n\t\t<\/div>\n\t\t\t\t\t\t<\/div>\n\t\t\t\t<\/div>\n\t\t\t\t\t<\/div>\n\t\t<\/div>\n\t\t\t\t\t<\/div>\n\t\t<\/section>\n\t\t\t\t<\/div>\n\t\t<\/body>","protected":false},"excerpt":{"rendered":"<p>Inscrivez-vous ! Jobomax verse des frais de recommandation aux courtiers approuv\u00e9s pour les acheteurs qualifi\u00e9s pr\u00e9sent\u00e9s \u00e0 notre plateforme, sous r\u00e9serve des conditions ci-dessous. Structure des frais Achats financ\u00e9s : 5 % de l&#8217;acompte de l&#8217;acheteur, payable d\u00e8s r\u00e9ception des fonds par Jobomax. Achats au comptant (sans financement) : 5 % du prix d&#8217;achat total, [&hellip;]<\/p>\n","protected":false},"author":4,"featured_media":0,"parent":0,"menu_order":0,"comment_status":"closed","ping_status":"closed","template":"","meta":{"footnotes":""},"class_list":["post-37570","page","type-page","status-publish","hentry"],"yoast_head":"<!-- This site is optimized with the Yoast SEO Premium plugin v27.3 (Yoast SEO v27.4) - https:\/\/yoast.com\/product\/yoast-seo-premium-wordpress\/ -->\n<title>Programme de courtage et de recommandation - Jobomax<\/title>\n<meta name=\"robots\" content=\"index, follow, max-snippet:-1, max-image-preview:large, max-video-preview:-1\" \/>\n<link rel=\"canonical\" href=\"https:\/\/africa-housing.com\/fr\/programme-de-courtage-et-de-recommandation\/\" \/>\n<meta property=\"og:locale\" content=\"fr_FR\" \/>\n<meta property=\"og:type\" content=\"article\" \/>\n<meta property=\"og:title\" content=\"Programme de courtage et de recommandation\" \/>\n<meta property=\"og:description\" content=\"Inscrivez-vous ! Jobomax verse des frais de recommandation aux courtiers approuv\u00e9s pour les acheteurs qualifi\u00e9s pr\u00e9sent\u00e9s \u00e0 notre plateforme, sous r\u00e9serve des conditions ci-dessous. Structure des frais Achats financ\u00e9s : 5 % de l&#8217;acompte de l&#8217;acheteur, payable d\u00e8s r\u00e9ception des fonds par Jobomax. Achats au comptant (sans financement) : 5 % du prix d&#8217;achat total, [&hellip;]\" \/>\n<meta property=\"og:url\" content=\"https:\/\/africa-housing.com\/fr\/programme-de-courtage-et-de-recommandation\/\" \/>\n<meta property=\"og:site_name\" content=\"Jobomax\" \/>\n<meta property=\"article:publisher\" content=\"https:\/\/www.facebook.com\/jobomax\" \/>\n<meta property=\"article:modified_time\" content=\"2026-03-16T09:11:30+00:00\" \/>\n<meta name=\"twitter:card\" content=\"summary_large_image\" \/>\n<meta name=\"twitter:site\" content=\"@jobomax\" \/>\n<meta name=\"twitter:label1\" content=\"Dur\u00e9e de lecture estim\u00e9e\" \/>\n\t<meta name=\"twitter:data1\" content=\"2 minutes\" \/>\n<script type=\"application\/ld+json\" class=\"yoast-schema-graph\">{\"@context\":\"https:\\\/\\\/schema.org\",\"@graph\":[{\"@type\":\"WebPage\",\"@id\":\"https:\\\/\\\/africa-housing.com\\\/fr\\\/programme-de-courtage-et-de-recommandation\\\/\",\"url\":\"https:\\\/\\\/africa-housing.com\\\/fr\\\/programme-de-courtage-et-de-recommandation\\\/\",\"name\":\"Programme de courtage et de recommandation - Jobomax\",\"isPartOf\":{\"@id\":\"https:\\\/\\\/africa-housing.com\\\/fr\\\/#website\"},\"datePublished\":\"2026-02-22T14:42:03+00:00\",\"dateModified\":\"2026-03-16T09:11:30+00:00\",\"breadcrumb\":{\"@id\":\"https:\\\/\\\/africa-housing.com\\\/fr\\\/programme-de-courtage-et-de-recommandation\\\/#breadcrumb\"},\"inLanguage\":\"fr-FR\",\"potentialAction\":[{\"@type\":\"ReadAction\",\"target\":[\"https:\\\/\\\/africa-housing.com\\\/fr\\\/programme-de-courtage-et-de-recommandation\\\/\"]}]},{\"@type\":\"BreadcrumbList\",\"@id\":\"https:\\\/\\\/africa-housing.com\\\/fr\\\/programme-de-courtage-et-de-recommandation\\\/#breadcrumb\",\"itemListElement\":[{\"@type\":\"ListItem\",\"position\":1,\"name\":\"Home\",\"item\":\"https:\\\/\\\/africa-housing.com\\\/fr\\\/\"},{\"@type\":\"ListItem\",\"position\":2,\"name\":\"Programme de courtage et de recommandation\"}]},{\"@type\":\"WebSite\",\"@id\":\"https:\\\/\\\/africa-housing.com\\\/fr\\\/#website\",\"url\":\"https:\\\/\\\/africa-housing.com\\\/fr\\\/\",\"name\":\"Jobomax\",\"description\":\"West Africa&#039;s Most Trusted Homebuilder\",\"publisher\":{\"@id\":\"https:\\\/\\\/africa-housing.com\\\/fr\\\/#organization\"},\"potentialAction\":[{\"@type\":\"SearchAction\",\"target\":{\"@type\":\"EntryPoint\",\"urlTemplate\":\"https:\\\/\\\/africa-housing.com\\\/fr\\\/?s={search_term_string}\"},\"query-input\":{\"@type\":\"PropertyValueSpecification\",\"valueRequired\":true,\"valueName\":\"search_term_string\"}}],\"inLanguage\":\"fr-FR\"},{\"@type\":\"Organization\",\"@id\":\"https:\\\/\\\/africa-housing.com\\\/fr\\\/#organization\",\"name\":\"Jobomax Global LTD\",\"url\":\"https:\\\/\\\/africa-housing.com\\\/fr\\\/\",\"logo\":{\"@type\":\"ImageObject\",\"inLanguage\":\"fr-FR\",\"@id\":\"https:\\\/\\\/africa-housing.com\\\/fr\\\/#\\\/schema\\\/logo\\\/image\\\/\",\"url\":\"https:\\\/\\\/africa-housing.com\\\/wp-content\\\/uploads\\\/2023\\\/02\\\/Jobomax_Logo_b_120x120.png\",\"contentUrl\":\"https:\\\/\\\/africa-housing.com\\\/wp-content\\\/uploads\\\/2023\\\/02\\\/Jobomax_Logo_b_120x120.png\",\"width\":120,\"height\":120,\"caption\":\"Jobomax Global LTD\"},\"image\":{\"@id\":\"https:\\\/\\\/africa-housing.com\\\/fr\\\/#\\\/schema\\\/logo\\\/image\\\/\"},\"sameAs\":[\"https:\\\/\\\/www.facebook.com\\\/jobomax\",\"https:\\\/\\\/x.com\\\/jobomax\",\"https:\\\/\\\/www.instagram.com\\\/jobomaxhome\\\/\",\"https:\\\/\\\/www.linkedin.com\\\/company\\\/jobomax\\\/\",\"https:\\\/\\\/www.youtube.com\\\/c\\\/AmericanHomebuildersofWestAfrica\",\"https:\\\/\\\/www.pinterest.com\\\/jobomaxhome\\\/\"]}]}<\/script>\n<!-- \/ Yoast SEO Premium plugin. -->","yoast_head_json":{"title":"Programme de courtage et de recommandation - Jobomax","robots":{"index":"index","follow":"follow","max-snippet":"max-snippet:-1","max-image-preview":"max-image-preview:large","max-video-preview":"max-video-preview:-1"},"canonical":"https:\/\/africa-housing.com\/fr\/programme-de-courtage-et-de-recommandation\/","og_locale":"fr_FR","og_type":"article","og_title":"Programme de courtage et de recommandation","og_description":"Inscrivez-vous ! Jobomax verse des frais de recommandation aux courtiers approuv\u00e9s pour les acheteurs qualifi\u00e9s pr\u00e9sent\u00e9s \u00e0 notre plateforme, sous r\u00e9serve des conditions ci-dessous. Structure des frais Achats financ\u00e9s : 5 % de l&#8217;acompte de l&#8217;acheteur, payable d\u00e8s r\u00e9ception des fonds par Jobomax. Achats au comptant (sans financement) : 5 % du prix d&#8217;achat total, [&hellip;]","og_url":"https:\/\/africa-housing.com\/fr\/programme-de-courtage-et-de-recommandation\/","og_site_name":"Jobomax","article_publisher":"https:\/\/www.facebook.com\/jobomax","article_modified_time":"2026-03-16T09:11:30+00:00","twitter_card":"summary_large_image","twitter_site":"@jobomax","twitter_misc":{"Dur\u00e9e de lecture estim\u00e9e":"2 minutes"},"schema":{"@context":"https:\/\/schema.org","@graph":[{"@type":"WebPage","@id":"https:\/\/africa-housing.com\/fr\/programme-de-courtage-et-de-recommandation\/","url":"https:\/\/africa-housing.com\/fr\/programme-de-courtage-et-de-recommandation\/","name":"Programme de courtage et de recommandation - Jobomax","isPartOf":{"@id":"https:\/\/africa-housing.com\/fr\/#website"},"datePublished":"2026-02-22T14:42:03+00:00","dateModified":"2026-03-16T09:11:30+00:00","breadcrumb":{"@id":"https:\/\/africa-housing.com\/fr\/programme-de-courtage-et-de-recommandation\/#breadcrumb"},"inLanguage":"fr-FR","potentialAction":[{"@type":"ReadAction","target":["https:\/\/africa-housing.com\/fr\/programme-de-courtage-et-de-recommandation\/"]}]},{"@type":"BreadcrumbList","@id":"https:\/\/africa-housing.com\/fr\/programme-de-courtage-et-de-recommandation\/#breadcrumb","itemListElement":[{"@type":"ListItem","position":1,"name":"Home","item":"https:\/\/africa-housing.com\/fr\/"},{"@type":"ListItem","position":2,"name":"Programme de courtage et de recommandation"}]},{"@type":"WebSite","@id":"https:\/\/africa-housing.com\/fr\/#website","url":"https:\/\/africa-housing.com\/fr\/","name":"Jobomax","description":"West Africa&#039;s Most Trusted Homebuilder","publisher":{"@id":"https:\/\/africa-housing.com\/fr\/#organization"},"potentialAction":[{"@type":"SearchAction","target":{"@type":"EntryPoint","urlTemplate":"https:\/\/africa-housing.com\/fr\/?s={search_term_string}"},"query-input":{"@type":"PropertyValueSpecification","valueRequired":true,"valueName":"search_term_string"}}],"inLanguage":"fr-FR"},{"@type":"Organization","@id":"https:\/\/africa-housing.com\/fr\/#organization","name":"Jobomax Global LTD","url":"https:\/\/africa-housing.com\/fr\/","logo":{"@type":"ImageObject","inLanguage":"fr-FR","@id":"https:\/\/africa-housing.com\/fr\/#\/schema\/logo\/image\/","url":"https:\/\/africa-housing.com\/wp-content\/uploads\/2023\/02\/Jobomax_Logo_b_120x120.png","contentUrl":"https:\/\/africa-housing.com\/wp-content\/uploads\/2023\/02\/Jobomax_Logo_b_120x120.png","width":120,"height":120,"caption":"Jobomax Global LTD"},"image":{"@id":"https:\/\/africa-housing.com\/fr\/#\/schema\/logo\/image\/"},"sameAs":["https:\/\/www.facebook.com\/jobomax","https:\/\/x.com\/jobomax","https:\/\/www.instagram.com\/jobomaxhome\/","https:\/\/www.linkedin.com\/company\/jobomax\/","https:\/\/www.youtube.com\/c\/AmericanHomebuildersofWestAfrica","https:\/\/www.pinterest.com\/jobomaxhome\/"]}]}},"_links":{"self":[{"href":"https:\/\/africa-housing.com\/fr\/wp-json\/wp\/v2\/pages\/37570","targetHints":{"allow":["GET"]}}],"collection":[{"href":"https:\/\/africa-housing.com\/fr\/wp-json\/wp\/v2\/pages"}],"about":[{"href":"https:\/\/africa-housing.com\/fr\/wp-json\/wp\/v2\/types\/page"}],"author":[{"embeddable":true,"href":"https:\/\/africa-housing.com\/fr\/wp-json\/wp\/v2\/users\/4"}],"replies":[{"embeddable":true,"href":"https:\/\/africa-housing.com\/fr\/wp-json\/wp\/v2\/comments?post=37570"}],"version-history":[{"count":5,"href":"https:\/\/africa-housing.com\/fr\/wp-json\/wp\/v2\/pages\/37570\/revisions"}],"predecessor-version":[{"id":37702,"href":"https:\/\/africa-housing.com\/fr\/wp-json\/wp\/v2\/pages\/37570\/revisions\/37702"}],"wp:attachment":[{"href":"https:\/\/africa-housing.com\/fr\/wp-json\/wp\/v2\/media?parent=37570"}],"curies":[{"name":"wp","href":"https:\/\/api.w.org\/{rel}","templated":true}]}}