{"id":34074,"date":"2023-05-13T10:53:32","date_gmt":"2023-05-13T08:53:32","guid":{"rendered":"https:\/\/africa-housing.com\/?page_id=34074"},"modified":"2025-08-21T13:23:15","modified_gmt":"2025-08-21T11:23:15","slug":"tous-les-prix","status":"publish","type":"page","link":"https:\/\/africa-housing.com\/fr\/tous-les-prix\/","title":{"rendered":"Prix pour l&#8217;achat de maisons en Afrique de l&#8217;Ouest"},"content":{"rendered":"<body>\t\t<div data-elementor-type=\"wp-page\" data-elementor-id=\"34074\" class=\"elementor elementor-34074 elementor-34073\" data-elementor-post-type=\"page\">\n\t\t\t\t\t\t<section class=\"elementor-section elementor-top-section elementor-element elementor-element-50d93a96 elementor-section-height-min-height elementor-section-boxed elementor-section-height-default elementor-section-items-middle\" data-id=\"50d93a96\" data-element_type=\"section\" data-e-type=\"section\" data-settings=\"{&quot;background_background&quot;:&quot;classic&quot;}\">\n\t\t\t\t\t\t\t<div class=\"elementor-background-overlay\"><\/div>\n\t\t\t\t\t\t\t<div class=\"elementor-container elementor-column-gap-default\">\n\t\t\t\t\t<div class=\"elementor-column elementor-col-100 elementor-top-column elementor-element elementor-element-53b5dbc9\" data-id=\"53b5dbc9\" data-element_type=\"column\" data-e-type=\"column\">\n\t\t\t<div class=\"elementor-widget-wrap elementor-element-populated\">\n\t\t\t\t\t\t<div class=\"elementor-element elementor-element-74525b2 elementor-align-center elementor-mobile-align-justify elementor-widget elementor-widget-button\" data-id=\"74525b2\" data-element_type=\"widget\" data-e-type=\"widget\" data-widget_type=\"button.default\">\n\t\t\t\t<div class=\"elementor-widget-container\">\n\t\t\t\t\t\t\t\t\t<div class=\"elementor-button-wrapper\">\n\t\t\t\t\t<a class=\"elementor-button elementor-button-link elementor-size-lg elementor-animation-shrink\" href=\"https:\/\/africa-housing.com\/fr\/obtenir-un-devis\/\" target=\"_blank\">\n\t\t\t\t\t\t<span class=\"elementor-button-content-wrapper\">\n\t\t\t\t\t\t<span class=\"elementor-button-icon\">\n\t\t\t\t<i aria-hidden=\"true\" class=\"fas fa-paper-plane\"><\/i>\t\t\t<\/span>\n\t\t\t\t\t\t\t\t\t<span class=\"elementor-button-text\">En savoir plus!<\/span>\n\t\t\t\t\t<\/span>\n\t\t\t\t\t<\/a>\n\t\t\t\t<\/div>\n\t\t\t\t\t\t\t\t<\/div>\n\t\t\t\t<\/div>\n\t\t\t\t\t<\/div>\n\t\t<\/div>\n\t\t\t\t\t<\/div>\n\t\t<\/section>\n\t\t\t\t<section class=\"elementor-section elementor-top-section elementor-element elementor-element-3fda006 elementor-section-boxed elementor-section-height-default elementor-section-height-default\" data-id=\"3fda006\" data-element_type=\"section\" data-e-type=\"section\">\n\t\t\t\t\t\t<div class=\"elementor-container elementor-column-gap-default\">\n\t\t\t\t\t<div class=\"elementor-column elementor-col-100 elementor-top-column elementor-element elementor-element-78597eb\" data-id=\"78597eb\" data-element_type=\"column\" data-e-type=\"column\">\n\t\t\t<div class=\"elementor-widget-wrap elementor-element-populated\">\n\t\t\t\t\t\t<div class=\"elementor-element elementor-element-71c2a92 elementor-widget__width-initial elementor-widget elementor-widget-heading\" data-id=\"71c2a92\" data-element_type=\"widget\" data-e-type=\"widget\" data-widget_type=\"heading.default\">\n\t\t\t\t<div class=\"elementor-widget-container\">\n\t\t\t\t\t<h2 class=\"elementor-heading-title elementor-size-default\"><\/h2><p><span style=\"color: var( --e-global-color-primary );font-family: var( --e-global-typography-primary-font-family ), Sans-serif;font-size: 36px;font-weight: var( --e-global-typography-primary-font-weight );text-transform: var( --e-global-typography-primary-text-transform );white-space: pre-wrap\">Pour Voir Le Prix Actuel, Cliquez Sur Le Pays Ci-Dessous.<\/span><span style=\"color: var( --e-global-color-primary );font-family: var( --e-global-typography-primary-font-family ), Sans-serif;font-size: 36px;font-weight: var( --e-global-typography-primary-font-weight );text-transform: var( --e-global-typography-primary-text-transform );white-space: pre-wrap\"><\/span><\/p>\t\t\t\t<\/div>\n\t\t\t\t<\/div>\n\t\t\t\t<div class=\"elementor-element elementor-element-91d54a1 elementor-widget__width-initial elementor-widget elementor-widget-text-editor\" data-id=\"91d54a1\" data-element_type=\"widget\" data-e-type=\"widget\" data-widget_type=\"text-editor.default\">\n\t\t\t\t<div class=\"elementor-widget-container\">\n\t\t\t\t\t\t\t\t\t<p><strong style=\"color: var( --e-global-color-text ); font-family: var( --e-global-typography-text-font-family ), Sans-serif; font-size: 1rem;\"><a href=\"https:\/\/youtu.be\/AQdgMlour6E\">Pour en savoir plus sur notre financement, regardez cette vid\u00e9o.<\/a><\/strong><\/p><p><span style=\"color: var( --e-global-color-text ); font-family: var( --e-global-typography-text-font-family ), Sans-serif; font-weight: var( --e-global-typography-text-font-weight ); font-size: 1rem;\">Veuillez noter que <a href=\"https:\/\/africa-housing.com\/fr\/emplacements\/\" target=\"_blank\" rel=\"noopener\">les prix de chaque mod\u00e8le<\/a> changent constamment en raison <a href=\"https:\/\/africa-housing.com\/fr\/des-modeles\/\" target=\"_blank\" rel=\"noopener\">des prix promotionnels<\/a> \u00e0 dur\u00e9e limit\u00e9e, de la disponibilit\u00e9 des terrains, des co\u00fbts li\u00e9s \u00e0 la construction et d\u2019autres variables.<\/span><\/p>\t\t\t\t\t\t\t\t<\/div>\n\t\t\t\t<\/div>\n\t\t\t\t\t<\/div>\n\t\t<\/div>\n\t\t\t\t\t<\/div>\n\t\t<\/section>\n\t\t\t\t<section class=\"elementor-section elementor-top-section elementor-element elementor-element-3a9eb8f elementor-section-boxed elementor-section-height-default elementor-section-height-default\" data-id=\"3a9eb8f\" data-element_type=\"section\" data-e-type=\"section\">\n\t\t\t\t\t\t<div class=\"elementor-container elementor-column-gap-default\">\n\t\t\t\t\t<div class=\"elementor-column elementor-col-25 elementor-top-column elementor-element elementor-element-d9ac94b\" data-id=\"d9ac94b\" data-element_type=\"column\" data-e-type=\"column\" id=\"top\">\n\t\t\t<div class=\"elementor-widget-wrap elementor-element-populated\">\n\t\t\t\t\t\t<div class=\"elementor-element elementor-element-edbfbe7 elementor-widget elementor-widget-image\" data-id=\"edbfbe7\" data-element_type=\"widget\" data-e-type=\"widget\" data-widget_type=\"image.default\">\n\t\t\t\t<div class=\"elementor-widget-container\">\n\t\t\t\t\t\t\t\t\t\t\t\t\t\t\t\t<a href=\"https:\/\/africa-housing.com\/fr\/des-prix-guinee\/\" target=\"_blank\">\n\t\t\t\t\t\t\t<img loading=\"lazy\" decoding=\"async\" width=\"510\" height=\"406\" src=\"https:\/\/africa-housing.com\/wp-content\/uploads\/2023\/01\/guinea-map.png\" class=\"attachment-full size-full wp-image-32714\" alt=\"\" srcset=\"https:\/\/africa-housing.com\/wp-content\/uploads\/2023\/01\/guinea-map.png 510w, https:\/\/africa-housing.com\/wp-content\/uploads\/2023\/01\/guinea-map-300x239.png 300w\" sizes=\"auto, (max-width: 510px) 100vw, 510px\" loading=\"lazy\">\t\t\t\t\t\t\t\t<\/a>\n\t\t\t\t\t\t\t\t\t\t\t\t\t\t\t<\/div>\n\t\t\t\t<\/div>\n\t\t\t\t\t<\/div>\n\t\t<\/div>\n\t\t\t\t<div class=\"elementor-column elementor-col-25 elementor-top-column elementor-element elementor-element-510b6de\" data-id=\"510b6de\" data-element_type=\"column\" data-e-type=\"column\">\n\t\t\t<div class=\"elementor-widget-wrap elementor-element-populated\">\n\t\t\t\t\t\t<div class=\"elementor-element elementor-element-42f2bac elementor-widget elementor-widget-image\" data-id=\"42f2bac\" data-element_type=\"widget\" data-e-type=\"widget\" data-widget_type=\"image.default\">\n\t\t\t\t<div class=\"elementor-widget-container\">\n\t\t\t\t\t\t\t\t\t\t\t\t\t\t\t\t<a href=\"https:\/\/africa-housing.com\/fr\/des-prix-sierra-leone\/\" target=\"_blank\">\n\t\t\t\t\t\t\t<img loading=\"lazy\" decoding=\"async\" width=\"432\" height=\"512\" src=\"https:\/\/africa-housing.com\/wp-content\/uploads\/2023\/01\/sierra-leone-map.png\" class=\"attachment-large size-large wp-image-32715\" alt=\"\" srcset=\"https:\/\/africa-housing.com\/wp-content\/uploads\/2023\/01\/sierra-leone-map.png 432w, https:\/\/africa-housing.com\/wp-content\/uploads\/2023\/01\/sierra-leone-map-253x300.png 253w\" sizes=\"auto, (max-width: 432px) 100vw, 432px\" loading=\"lazy\">\t\t\t\t\t\t\t\t<\/a>\n\t\t\t\t\t\t\t\t\t\t\t\t\t\t\t<\/div>\n\t\t\t\t<\/div>\n\t\t\t\t\t<\/div>\n\t\t<\/div>\n\t\t\t\t<div class=\"elementor-column elementor-col-25 elementor-top-column elementor-element elementor-element-ce48847\" data-id=\"ce48847\" data-element_type=\"column\" data-e-type=\"column\">\n\t\t\t<div class=\"elementor-widget-wrap elementor-element-populated\">\n\t\t\t\t\t\t<div class=\"elementor-element elementor-element-bf02e27 elementor-widget elementor-widget-image\" data-id=\"bf02e27\" data-element_type=\"widget\" data-e-type=\"widget\" data-widget_type=\"image.default\">\n\t\t\t\t<div class=\"elementor-widget-container\">\n\t\t\t\t\t\t\t\t\t\t\t\t\t\t\t\t<a href=\"https:\/\/africa-housing.com\/fr\/des-prix-ghana\/\" target=\"_blank\">\n\t\t\t\t\t\t\t<img loading=\"lazy\" decoding=\"async\" width=\"318\" height=\"506\" src=\"https:\/\/africa-housing.com\/wp-content\/uploads\/2023\/01\/ghana-map.png\" class=\"attachment-large size-large wp-image-32716\" alt=\"\" srcset=\"https:\/\/africa-housing.com\/wp-content\/uploads\/2023\/01\/ghana-map.png 318w, https:\/\/africa-housing.com\/wp-content\/uploads\/2023\/01\/ghana-map-189x300.png 189w\" sizes=\"auto, (max-width: 318px) 100vw, 318px\" loading=\"lazy\">\t\t\t\t\t\t\t\t<\/a>\n\t\t\t\t\t\t\t\t\t\t\t\t\t\t\t<\/div>\n\t\t\t\t<\/div>\n\t\t\t\t\t<\/div>\n\t\t<\/div>\n\t\t\t\t<div class=\"elementor-column elementor-col-25 elementor-top-column elementor-element elementor-element-6d65d57\" data-id=\"6d65d57\" data-element_type=\"column\" data-e-type=\"column\">\n\t\t\t<div class=\"elementor-widget-wrap elementor-element-populated\">\n\t\t\t\t\t\t<div class=\"elementor-element elementor-element-fd3b704 elementor-widget elementor-widget-image\" data-id=\"fd3b704\" data-element_type=\"widget\" data-e-type=\"widget\" data-widget_type=\"image.default\">\n\t\t\t\t<div class=\"elementor-widget-container\">\n\t\t\t\t\t\t\t\t\t\t\t\t\t\t\t\t<a href=\"https:\/\/africa-housing.com\/fr\/prix-des-maisons-au-cameroun\/\" target=\"_blank\">\n\t\t\t\t\t\t\t<img loading=\"lazy\" decoding=\"async\" width=\"1\" height=\"1\" src=\"https:\/\/africa-housing.com\/wp-content\/uploads\/2025\/03\/Cameroon-Map.svg\" class=\"attachment-large size-large wp-image-36572\" alt=\"\" loading=\"lazy\">\t\t\t\t\t\t\t\t<\/a>\n\t\t\t\t\t\t\t\t\t\t\t\t\t\t\t<\/div>\n\t\t\t\t<\/div>\n\t\t\t\t\t<\/div>\n\t\t<\/div>\n\t\t\t\t\t<\/div>\n\t\t<\/section>\n\t\t\t\t<section class=\"elementor-section elementor-top-section elementor-element elementor-element-892268f elementor-section-boxed elementor-section-height-default elementor-section-height-default\" data-id=\"892268f\" data-element_type=\"section\" data-e-type=\"section\">\n\t\t\t\t\t\t<div class=\"elementor-container elementor-column-gap-default\">\n\t\t\t\t\t<div class=\"elementor-column elementor-col-100 elementor-top-column elementor-element elementor-element-3e39181\" data-id=\"3e39181\" data-element_type=\"column\" data-e-type=\"column\">\n\t\t\t<div class=\"elementor-widget-wrap elementor-element-populated\">\n\t\t\t\t\t\t<div class=\"elementor-element elementor-element-ca9b328 elementor-widget elementor-widget-spacer\" data-id=\"ca9b328\" data-element_type=\"widget\" data-e-type=\"widget\" data-widget_type=\"spacer.default\">\n\t\t\t\t<div class=\"elementor-widget-container\">\n\t\t\t\t\t\t\t<div class=\"elementor-spacer\">\n\t\t\t<div class=\"elementor-spacer-inner\"><\/div>\n\t\t<\/div>\n\t\t\t\t\t\t<\/div>\n\t\t\t\t<\/div>\n\t\t\t\t\t<\/div>\n\t\t<\/div>\n\t\t\t\t\t<\/div>\n\t\t<\/section>\n\t\t\t\t<\/div>\n\t\t<\/body>","protected":false},"excerpt":{"rendered":"<p>En savoir plus! Pour Voir Le Prix Actuel, Cliquez Sur Le Pays Ci-Dessous. Pour en savoir plus sur notre financement, regardez cette vid\u00e9o. Veuillez noter que les prix de chaque mod\u00e8le changent constamment en raison des prix promotionnels \u00e0 dur\u00e9e limit\u00e9e, de la disponibilit\u00e9 des terrains, des co\u00fbts li\u00e9s \u00e0 la construction et d&#8217;autres variables.<\/p>\n","protected":false},"author":4,"featured_media":0,"parent":0,"menu_order":0,"comment_status":"closed","ping_status":"closed","template":"","meta":{"footnotes":""},"class_list":["post-34074","page","type-page","status-publish","hentry"],"yoast_head":"<!-- This site is optimized with the Yoast SEO Premium plugin v27.3 (Yoast SEO v27.3) - https:\/\/yoast.com\/product\/yoast-seo-premium-wordpress\/ -->\n<title>Les Prix Actuels de Maisons en Afrique de l&#039;Ouest | Achetez Votre Maison de R\u00eave Aujourd\u2019hui<\/title>\n<meta name=\"description\" content=\"D\u00e9couvrez les prix actuels des maisons en Afrique de l&#039;Ouest. Trouvez la maison de vos r\u00eaves dans la r\u00e9gion. D\u00e9couvrez des options abordables pour acheter des maisons en Afrique de l&#039;Ouest.\" \/>\n<meta name=\"robots\" content=\"index, follow, max-snippet:-1, max-image-preview:large, max-video-preview:-1\" \/>\n<link rel=\"canonical\" href=\"https:\/\/africa-housing.com\/fr\/tous-les-prix\/\" \/>\n<meta property=\"og:locale\" content=\"fr_FR\" \/>\n<meta property=\"og:type\" content=\"article\" \/>\n<meta property=\"og:title\" content=\"Prix pour l&#039;achat de maisons en Afrique de l&#039;Ouest\" \/>\n<meta property=\"og:description\" content=\"D\u00e9couvrez les prix actuels des maisons en Afrique de l&#039;Ouest. Trouvez la maison de vos r\u00eaves dans la r\u00e9gion. D\u00e9couvrez des options abordables pour acheter des maisons en Afrique de l&#039;Ouest.\" \/>\n<meta property=\"og:url\" content=\"https:\/\/africa-housing.com\/fr\/tous-les-prix\/\" \/>\n<meta property=\"og:site_name\" content=\"Jobomax\" \/>\n<meta property=\"article:publisher\" content=\"https:\/\/www.facebook.com\/jobomax\" \/>\n<meta property=\"article:modified_time\" content=\"2025-08-21T11:23:15+00:00\" \/>\n<meta property=\"og:image\" content=\"https:\/\/africa-housing.com\/wp-content\/uploads\/2023\/01\/guinea-map.png\" \/>\n\t<meta property=\"og:image:width\" content=\"510\" \/>\n\t<meta property=\"og:image:height\" content=\"406\" \/>\n\t<meta property=\"og:image:type\" content=\"image\/png\" \/>\n<meta name=\"twitter:card\" content=\"summary_large_image\" \/>\n<meta name=\"twitter:site\" content=\"@jobomax\" \/>\n<meta name=\"twitter:label1\" content=\"Dur\u00e9e de lecture estim\u00e9e\" \/>\n\t<meta name=\"twitter:data1\" content=\"2 minutes\" \/>\n<script type=\"application\/ld+json\" class=\"yoast-schema-graph\">{\"@context\":\"https:\\\/\\\/schema.org\",\"@graph\":[{\"@type\":\"WebPage\",\"@id\":\"https:\\\/\\\/africa-housing.com\\\/fr\\\/tous-les-prix\\\/\",\"url\":\"https:\\\/\\\/africa-housing.com\\\/fr\\\/tous-les-prix\\\/\",\"name\":\"Les Prix Actuels de Maisons en Afrique de l'Ouest | Achetez Votre Maison de R\u00eave Aujourd\u2019hui\",\"isPartOf\":{\"@id\":\"https:\\\/\\\/africa-housing.com\\\/fr\\\/#website\"},\"primaryImageOfPage\":{\"@id\":\"https:\\\/\\\/africa-housing.com\\\/fr\\\/tous-les-prix\\\/#primaryimage\"},\"image\":{\"@id\":\"https:\\\/\\\/africa-housing.com\\\/fr\\\/tous-les-prix\\\/#primaryimage\"},\"thumbnailUrl\":\"https:\\\/\\\/africa-housing.com\\\/wp-content\\\/uploads\\\/2023\\\/01\\\/guinea-map.png\",\"datePublished\":\"2023-05-13T08:53:32+00:00\",\"dateModified\":\"2025-08-21T11:23:15+00:00\",\"description\":\"D\u00e9couvrez les prix actuels des maisons en Afrique de l'Ouest. Trouvez la maison de vos r\u00eaves dans la r\u00e9gion. D\u00e9couvrez des options abordables pour acheter des maisons en Afrique de l'Ouest.\",\"breadcrumb\":{\"@id\":\"https:\\\/\\\/africa-housing.com\\\/fr\\\/tous-les-prix\\\/#breadcrumb\"},\"inLanguage\":\"fr-FR\",\"potentialAction\":[{\"@type\":\"ReadAction\",\"target\":[\"https:\\\/\\\/africa-housing.com\\\/fr\\\/tous-les-prix\\\/\"]}]},{\"@type\":\"ImageObject\",\"inLanguage\":\"fr-FR\",\"@id\":\"https:\\\/\\\/africa-housing.com\\\/fr\\\/tous-les-prix\\\/#primaryimage\",\"url\":\"https:\\\/\\\/africa-housing.com\\\/wp-content\\\/uploads\\\/2023\\\/01\\\/guinea-map.png\",\"contentUrl\":\"https:\\\/\\\/africa-housing.com\\\/wp-content\\\/uploads\\\/2023\\\/01\\\/guinea-map.png\"},{\"@type\":\"BreadcrumbList\",\"@id\":\"https:\\\/\\\/africa-housing.com\\\/fr\\\/tous-les-prix\\\/#breadcrumb\",\"itemListElement\":[{\"@type\":\"ListItem\",\"position\":1,\"name\":\"Home\",\"item\":\"https:\\\/\\\/africa-housing.com\\\/fr\\\/\"},{\"@type\":\"ListItem\",\"position\":2,\"name\":\"Prix pour l&#8217;achat de maisons en Afrique de l&#8217;Ouest\"}]},{\"@type\":\"WebSite\",\"@id\":\"https:\\\/\\\/africa-housing.com\\\/fr\\\/#website\",\"url\":\"https:\\\/\\\/africa-housing.com\\\/fr\\\/\",\"name\":\"Jobomax\",\"description\":\"West Africa&#039;s Most Trusted Homebuilder\",\"publisher\":{\"@id\":\"https:\\\/\\\/africa-housing.com\\\/fr\\\/#organization\"},\"potentialAction\":[{\"@type\":\"SearchAction\",\"target\":{\"@type\":\"EntryPoint\",\"urlTemplate\":\"https:\\\/\\\/africa-housing.com\\\/fr\\\/?s={search_term_string}\"},\"query-input\":{\"@type\":\"PropertyValueSpecification\",\"valueRequired\":true,\"valueName\":\"search_term_string\"}}],\"inLanguage\":\"fr-FR\"},{\"@type\":\"Organization\",\"@id\":\"https:\\\/\\\/africa-housing.com\\\/fr\\\/#organization\",\"name\":\"Jobomax Global LTD\",\"url\":\"https:\\\/\\\/africa-housing.com\\\/fr\\\/\",\"logo\":{\"@type\":\"ImageObject\",\"inLanguage\":\"fr-FR\",\"@id\":\"https:\\\/\\\/africa-housing.com\\\/fr\\\/#\\\/schema\\\/logo\\\/image\\\/\",\"url\":\"https:\\\/\\\/africa-housing.com\\\/wp-content\\\/uploads\\\/2023\\\/02\\\/Jobomax_Logo_b_120x120.png\",\"contentUrl\":\"https:\\\/\\\/africa-housing.com\\\/wp-content\\\/uploads\\\/2023\\\/02\\\/Jobomax_Logo_b_120x120.png\",\"width\":120,\"height\":120,\"caption\":\"Jobomax Global LTD\"},\"image\":{\"@id\":\"https:\\\/\\\/africa-housing.com\\\/fr\\\/#\\\/schema\\\/logo\\\/image\\\/\"},\"sameAs\":[\"https:\\\/\\\/www.facebook.com\\\/jobomax\",\"https:\\\/\\\/x.com\\\/jobomax\",\"https:\\\/\\\/www.instagram.com\\\/jobomaxhome\\\/\",\"https:\\\/\\\/www.linkedin.com\\\/company\\\/jobomax\\\/\",\"https:\\\/\\\/www.youtube.com\\\/c\\\/AmericanHomebuildersofWestAfrica\",\"https:\\\/\\\/www.pinterest.com\\\/jobomaxhome\\\/\"]}]}<\/script>\n<!-- \/ Yoast SEO Premium plugin. -->","yoast_head_json":{"title":"Les Prix Actuels de Maisons en Afrique de l'Ouest | Achetez Votre Maison de R\u00eave Aujourd\u2019hui","description":"D\u00e9couvrez les prix actuels des maisons en Afrique de l'Ouest. Trouvez la maison de vos r\u00eaves dans la r\u00e9gion. D\u00e9couvrez des options abordables pour acheter des maisons en Afrique de l'Ouest.","robots":{"index":"index","follow":"follow","max-snippet":"max-snippet:-1","max-image-preview":"max-image-preview:large","max-video-preview":"max-video-preview:-1"},"canonical":"https:\/\/africa-housing.com\/fr\/tous-les-prix\/","og_locale":"fr_FR","og_type":"article","og_title":"Prix pour l'achat de maisons en Afrique de l'Ouest","og_description":"D\u00e9couvrez les prix actuels des maisons en Afrique de l'Ouest. Trouvez la maison de vos r\u00eaves dans la r\u00e9gion. D\u00e9couvrez des options abordables pour acheter des maisons en Afrique de l'Ouest.","og_url":"https:\/\/africa-housing.com\/fr\/tous-les-prix\/","og_site_name":"Jobomax","article_publisher":"https:\/\/www.facebook.com\/jobomax","article_modified_time":"2025-08-21T11:23:15+00:00","og_image":[{"width":510,"height":406,"url":"https:\/\/africa-housing.com\/wp-content\/uploads\/2023\/01\/guinea-map.png","type":"image\/png"}],"twitter_card":"summary_large_image","twitter_site":"@jobomax","twitter_misc":{"Dur\u00e9e de lecture estim\u00e9e":"2 minutes"},"schema":{"@context":"https:\/\/schema.org","@graph":[{"@type":"WebPage","@id":"https:\/\/africa-housing.com\/fr\/tous-les-prix\/","url":"https:\/\/africa-housing.com\/fr\/tous-les-prix\/","name":"Les Prix Actuels de Maisons en Afrique de l'Ouest | Achetez Votre Maison de R\u00eave Aujourd\u2019hui","isPartOf":{"@id":"https:\/\/africa-housing.com\/fr\/#website"},"primaryImageOfPage":{"@id":"https:\/\/africa-housing.com\/fr\/tous-les-prix\/#primaryimage"},"image":{"@id":"https:\/\/africa-housing.com\/fr\/tous-les-prix\/#primaryimage"},"thumbnailUrl":"https:\/\/africa-housing.com\/wp-content\/uploads\/2023\/01\/guinea-map.png","datePublished":"2023-05-13T08:53:32+00:00","dateModified":"2025-08-21T11:23:15+00:00","description":"D\u00e9couvrez les prix actuels des maisons en Afrique de l'Ouest. Trouvez la maison de vos r\u00eaves dans la r\u00e9gion. D\u00e9couvrez des options abordables pour acheter des maisons en Afrique de l'Ouest.","breadcrumb":{"@id":"https:\/\/africa-housing.com\/fr\/tous-les-prix\/#breadcrumb"},"inLanguage":"fr-FR","potentialAction":[{"@type":"ReadAction","target":["https:\/\/africa-housing.com\/fr\/tous-les-prix\/"]}]},{"@type":"ImageObject","inLanguage":"fr-FR","@id":"https:\/\/africa-housing.com\/fr\/tous-les-prix\/#primaryimage","url":"https:\/\/africa-housing.com\/wp-content\/uploads\/2023\/01\/guinea-map.png","contentUrl":"https:\/\/africa-housing.com\/wp-content\/uploads\/2023\/01\/guinea-map.png"},{"@type":"BreadcrumbList","@id":"https:\/\/africa-housing.com\/fr\/tous-les-prix\/#breadcrumb","itemListElement":[{"@type":"ListItem","position":1,"name":"Home","item":"https:\/\/africa-housing.com\/fr\/"},{"@type":"ListItem","position":2,"name":"Prix pour l&#8217;achat de maisons en Afrique de l&#8217;Ouest"}]},{"@type":"WebSite","@id":"https:\/\/africa-housing.com\/fr\/#website","url":"https:\/\/africa-housing.com\/fr\/","name":"Jobomax","description":"West Africa&#039;s Most Trusted Homebuilder","publisher":{"@id":"https:\/\/africa-housing.com\/fr\/#organization"},"potentialAction":[{"@type":"SearchAction","target":{"@type":"EntryPoint","urlTemplate":"https:\/\/africa-housing.com\/fr\/?s={search_term_string}"},"query-input":{"@type":"PropertyValueSpecification","valueRequired":true,"valueName":"search_term_string"}}],"inLanguage":"fr-FR"},{"@type":"Organization","@id":"https:\/\/africa-housing.com\/fr\/#organization","name":"Jobomax Global LTD","url":"https:\/\/africa-housing.com\/fr\/","logo":{"@type":"ImageObject","inLanguage":"fr-FR","@id":"https:\/\/africa-housing.com\/fr\/#\/schema\/logo\/image\/","url":"https:\/\/africa-housing.com\/wp-content\/uploads\/2023\/02\/Jobomax_Logo_b_120x120.png","contentUrl":"https:\/\/africa-housing.com\/wp-content\/uploads\/2023\/02\/Jobomax_Logo_b_120x120.png","width":120,"height":120,"caption":"Jobomax Global LTD"},"image":{"@id":"https:\/\/africa-housing.com\/fr\/#\/schema\/logo\/image\/"},"sameAs":["https:\/\/www.facebook.com\/jobomax","https:\/\/x.com\/jobomax","https:\/\/www.instagram.com\/jobomaxhome\/","https:\/\/www.linkedin.com\/company\/jobomax\/","https:\/\/www.youtube.com\/c\/AmericanHomebuildersofWestAfrica","https:\/\/www.pinterest.com\/jobomaxhome\/"]}]}},"_links":{"self":[{"href":"https:\/\/africa-housing.com\/fr\/wp-json\/wp\/v2\/pages\/34074","targetHints":{"allow":["GET"]}}],"collection":[{"href":"https:\/\/africa-housing.com\/fr\/wp-json\/wp\/v2\/pages"}],"about":[{"href":"https:\/\/africa-housing.com\/fr\/wp-json\/wp\/v2\/types\/page"}],"author":[{"embeddable":true,"href":"https:\/\/africa-housing.com\/fr\/wp-json\/wp\/v2\/users\/4"}],"replies":[{"embeddable":true,"href":"https:\/\/africa-housing.com\/fr\/wp-json\/wp\/v2\/comments?post=34074"}],"version-history":[{"count":5,"href":"https:\/\/africa-housing.com\/fr\/wp-json\/wp\/v2\/pages\/34074\/revisions"}],"predecessor-version":[{"id":37250,"href":"https:\/\/africa-housing.com\/fr\/wp-json\/wp\/v2\/pages\/34074\/revisions\/37250"}],"wp:attachment":[{"href":"https:\/\/africa-housing.com\/fr\/wp-json\/wp\/v2\/media?parent=34074"}],"curies":[{"name":"wp","href":"https:\/\/api.w.org\/{rel}","templated":true}]}}