{"id":33221,"date":"2023-02-14T23:30:33","date_gmt":"2023-02-14T22:30:33","guid":{"rendered":"https:\/\/africa-housing.com\/?page_id=33221"},"modified":"2025-04-07T16:01:18","modified_gmt":"2025-04-07T14:01:18","slug":"merci","status":"publish","type":"page","link":"https:\/\/africa-housing.com\/fr\/merci\/","title":{"rendered":"Merci"},"content":{"rendered":"<body>\t\t<div data-elementor-type=\"wp-page\" data-elementor-id=\"33221\" class=\"elementor elementor-33221 elementor-33220\" data-elementor-post-type=\"page\">\n\t\t\t\t\t\t<section class=\"elementor-section elementor-top-section elementor-element elementor-element-2681b852 elementor-section-height-min-height elementor-section-boxed elementor-section-height-default elementor-section-items-middle\" data-id=\"2681b852\" data-element_type=\"section\" data-e-type=\"section\" data-settings=\"{&quot;background_background&quot;:&quot;slideshow&quot;,&quot;background_slideshow_gallery&quot;:[{&quot;id&quot;:30368,&quot;url&quot;:&quot;https:\\\/\\\/africa-housing.com\\\/wp-content\\\/uploads\\\/2022\\\/08\\\/happy-african-american-family-playing-in-new-house-with-box-filling-material.jpg&quot;},{&quot;id&quot;:30053,&quot;url&quot;:&quot;https:\\\/\\\/africa-housing.com\\\/wp-content\\\/uploads\\\/2022\\\/08\\\/portrait-of-smiling-afro-american-woman-e1676324450551.jpg&quot;},{&quot;id&quot;:31460,&quot;url&quot;:&quot;https:\\\/\\\/africa-housing.com\\\/wp-content\\\/uploads\\\/2023\\\/01\\\/new-home-new-adventure-e1676324470198.jpg&quot;},{&quot;id&quot;:31465,&quot;url&quot;:&quot;https:\\\/\\\/africa-housing.com\\\/wp-content\\\/uploads\\\/2023\\\/01\\\/couple-moving-into-new-house-e1676324490222.jpg&quot;}],&quot;background_slideshow_lazyload&quot;:&quot;yes&quot;,&quot;background_slideshow_ken_burns&quot;:&quot;yes&quot;,&quot;background_slideshow_loop&quot;:&quot;yes&quot;,&quot;background_slideshow_slide_duration&quot;:5000,&quot;background_slideshow_slide_transition&quot;:&quot;fade&quot;,&quot;background_slideshow_transition_duration&quot;:500,&quot;background_slideshow_ken_burns_zoom_direction&quot;:&quot;in&quot;}\">\n\t\t\t\t\t\t\t<div class=\"elementor-background-overlay\"><\/div>\n\t\t\t\t\t\t\t<div class=\"elementor-container elementor-column-gap-default\">\n\t\t\t\t\t<div class=\"elementor-column elementor-col-100 elementor-top-column elementor-element elementor-element-6c3cd5b5\" data-id=\"6c3cd5b5\" data-element_type=\"column\" data-e-type=\"column\">\n\t\t\t<div class=\"elementor-widget-wrap elementor-element-populated\">\n\t\t\t\t\t\t<div class=\"elementor-element elementor-element-1264ac2b elementor-widget elementor-widget-heading\" data-id=\"1264ac2b\" data-element_type=\"widget\" data-e-type=\"widget\" data-widget_type=\"heading.default\">\n\t\t\t\t<div class=\"elementor-widget-container\">\n\t\t\t\t\t<h1 class=\"elementor-heading-title elementor-size-default\">Merci !<\/h1>\t\t\t\t<\/div>\n\t\t\t\t<\/div>\n\t\t\t\t\t<\/div>\n\t\t<\/div>\n\t\t\t\t\t<\/div>\n\t\t<\/section>\n\t\t\t\t<section class=\"elementor-section elementor-top-section elementor-element elementor-element-8d73850 elementor-reverse-tablet elementor-reverse-mobile elementor-section-boxed elementor-section-height-default elementor-section-height-default\" data-id=\"8d73850\" data-element_type=\"section\" data-e-type=\"section\">\n\t\t\t\t\t\t<div class=\"elementor-container elementor-column-gap-default\">\n\t\t\t\t\t<div class=\"elementor-column elementor-col-100 elementor-top-column elementor-element elementor-element-a4ebe10\" data-id=\"a4ebe10\" data-element_type=\"column\" data-e-type=\"column\">\n\t\t\t<div class=\"elementor-widget-wrap elementor-element-populated\">\n\t\t\t\t\t\t<div class=\"elementor-element elementor-element-a8fd6cf elementor-widget elementor-widget-heading\" data-id=\"a8fd6cf\" data-element_type=\"widget\" data-e-type=\"widget\" data-widget_type=\"heading.default\">\n\t\t\t\t<div class=\"elementor-widget-container\">\n\t\t\t\t\t<h2 class=\"elementor-heading-title elementor-size-xl\">Merci d'avoir rempli le formulaire de contact ! <br>L'un de nos repr\u00e9sentants vous contactera bient\u00f4t.<\/h2>\t\t\t\t<\/div>\n\t\t\t\t<\/div>\n\t\t\t\t<div class=\"elementor-element elementor-element-4d6e277 elementor-widget elementor-widget-spacer\" data-id=\"4d6e277\" data-element_type=\"widget\" data-e-type=\"widget\" data-widget_type=\"spacer.default\">\n\t\t\t\t<div class=\"elementor-widget-container\">\n\t\t\t\t\t\t\t<div class=\"elementor-spacer\">\n\t\t\t<div class=\"elementor-spacer-inner\"><\/div>\n\t\t<\/div>\n\t\t\t\t\t\t<\/div>\n\t\t\t\t<\/div>\n\t\t\t\t<div class=\"elementor-element elementor-element-dd044e0 elementor-widget elementor-widget-heading\" data-id=\"dd044e0\" data-element_type=\"widget\" data-e-type=\"widget\" data-widget_type=\"heading.default\">\n\t\t\t\t<div class=\"elementor-widget-container\">\n\t\t\t\t\t<h2 class=\"elementor-heading-title elementor-size-medium\"><a href=\"http:\/\/bit.ly\/GhanaTravelGuide_5MB\" target=\"_blank\">Si vous vous \u00eates inscrit pour recevoir le guide de voyage du Ghana, acc\u00e9dez \u00e0 la version int\u00e9grale en cliquant ici.<\/a><\/h2>\t\t\t\t<\/div>\n\t\t\t\t<\/div>\n\t\t\t\t<div class=\"elementor-element elementor-element-4ec6f98 elementor-widget elementor-widget-heading\" data-id=\"4ec6f98\" data-element_type=\"widget\" data-e-type=\"widget\" data-widget_type=\"heading.default\">\n\t\t\t\t<div class=\"elementor-widget-container\">\n\t\t\t\t\t<h2 class=\"elementor-heading-title elementor-size-medium\"><a href=\"http:\/\/Bit.Ly\/GhanaTravelGuide_600KB%E2%80%8B\" target=\"_blank\">Ou la version compress\u00e9e en cliquant ici.<\/a><\/h2>\t\t\t\t<\/div>\n\t\t\t\t<\/div>\n\t\t\t\t<section class=\"elementor-section elementor-inner-section elementor-element elementor-element-0266a36 elementor-section-boxed elementor-section-height-default elementor-section-height-default\" data-id=\"0266a36\" data-element_type=\"section\" data-e-type=\"section\">\n\t\t\t\t\t\t<div class=\"elementor-container elementor-column-gap-default\">\n\t\t\t\t\t<div class=\"elementor-column elementor-col-50 elementor-inner-column elementor-element elementor-element-d26b53a\" data-id=\"d26b53a\" data-element_type=\"column\" data-e-type=\"column\">\n\t\t\t<div class=\"elementor-widget-wrap elementor-element-populated\">\n\t\t\t\t\t\t<div class=\"elementor-element elementor-element-b317d9a elementor-widget elementor-widget-text-editor\" data-id=\"b317d9a\" data-element_type=\"widget\" data-e-type=\"widget\" data-widget_type=\"text-editor.default\">\n\t\t\t\t<div class=\"elementor-widget-container\">\n\t\t\t\t\t\t\t\t\t<p>Visitez notre <span style=\"text-decoration: underline;\"><a href=\"https:\/\/www.youtube.com\/channel\/UCMjBBrRL_rpcB7aEKGPVAlQ\">YouTube channel<\/a><\/span><\/p>\t\t\t\t\t\t\t\t<\/div>\n\t\t\t\t<\/div>\n\t\t\t\t\t<\/div>\n\t\t<\/div>\n\t\t\t\t<div class=\"elementor-column elementor-col-50 elementor-inner-column elementor-element elementor-element-d371772\" data-id=\"d371772\" data-element_type=\"column\" data-e-type=\"column\">\n\t\t\t<div class=\"elementor-widget-wrap elementor-element-populated\">\n\t\t\t\t\t\t<div class=\"elementor-element elementor-element-69689dd elementor-widget elementor-widget-text-editor\" data-id=\"69689dd\" data-element_type=\"widget\" data-e-type=\"widget\" data-widget_type=\"text-editor.default\">\n\t\t\t\t<div class=\"elementor-widget-container\">\n\t\t\t\t\t\t\t\t\t<p>Visitez notre <span style=\"text-decoration: underline;\"><a href=\"https:\/\/africa-housing.com\/fr\/blog\/\" target=\"_blank\" rel=\"noopener\">blog<\/a><\/span>.<\/p>\t\t\t\t\t\t\t\t<\/div>\n\t\t\t\t<\/div>\n\t\t\t\t\t<\/div>\n\t\t<\/div>\n\t\t\t\t\t<\/div>\n\t\t<\/section>\n\t\t\t\t<section class=\"elementor-section elementor-inner-section elementor-element elementor-element-eae7731 elementor-section-boxed elementor-section-height-default elementor-section-height-default\" data-id=\"eae7731\" data-element_type=\"section\" data-e-type=\"section\">\n\t\t\t\t\t\t<div class=\"elementor-container elementor-column-gap-default\">\n\t\t\t\t\t<div class=\"elementor-column elementor-col-50 elementor-inner-column elementor-element elementor-element-7ea40a9\" data-id=\"7ea40a9\" data-element_type=\"column\" data-e-type=\"column\">\n\t\t\t<div class=\"elementor-widget-wrap elementor-element-populated\">\n\t\t\t\t\t\t<div class=\"elementor-element elementor-element-69a529f elementor-widget elementor-widget-text-editor\" data-id=\"69a529f\" data-element_type=\"widget\" data-e-type=\"widget\" data-widget_type=\"text-editor.default\">\n\t\t\t\t<div class=\"elementor-widget-container\">\n\t\t\t\t\t\t\t\t\t<p>Visitez notre <span style=\"text-decoration: underline;\"><a href=\"https:\/\/www.facebook.com\/jobomax\" target=\"_blank\" rel=\"noopener\">Facebook page<\/a><\/span>.<\/p>\t\t\t\t\t\t\t\t<\/div>\n\t\t\t\t<\/div>\n\t\t\t\t\t<\/div>\n\t\t<\/div>\n\t\t\t\t<div class=\"elementor-column elementor-col-50 elementor-inner-column elementor-element elementor-element-ea44b48\" data-id=\"ea44b48\" data-element_type=\"column\" data-e-type=\"column\">\n\t\t\t<div class=\"elementor-widget-wrap elementor-element-populated\">\n\t\t\t\t\t\t<div class=\"elementor-element elementor-element-a857197 elementor-widget elementor-widget-text-editor\" data-id=\"a857197\" data-element_type=\"widget\" data-e-type=\"widget\" data-widget_type=\"text-editor.default\">\n\t\t\t\t<div class=\"elementor-widget-container\">\n\t\t\t\t\t\t\t\t\t<p>Retournez au <span style=\"text-decoration: underline;\"><a href=\"https:\/\/africa-housing.com\/fr\/a-propos\/\" target=\"_blank\" rel=\"noopener\">Jobomax website<\/a><\/span>.<\/p>\t\t\t\t\t\t\t\t<\/div>\n\t\t\t\t<\/div>\n\t\t\t\t\t<\/div>\n\t\t<\/div>\n\t\t\t\t\t<\/div>\n\t\t<\/section>\n\t\t\t\t\t<\/div>\n\t\t<\/div>\n\t\t\t\t\t<\/div>\n\t\t<\/section>\n\t\t\t\t<\/div>\n\t\t<\/body>","protected":false},"excerpt":{"rendered":"<p>Merci ! Merci d&#8217;avoir rempli le formulaire de contact ! L&#8217;un de nos repr\u00e9sentants vous contactera bient\u00f4t. Si vous vous \u00eates inscrit pour recevoir le guide de voyage du Ghana, acc\u00e9dez \u00e0 la version int\u00e9grale en cliquant ici. Ou la version compress\u00e9e en cliquant ici. Visitez notre YouTube channel Visitez notre blog. Visitez notre Facebook [&hellip;]<\/p>\n","protected":false},"author":1,"featured_media":0,"parent":0,"menu_order":0,"comment_status":"closed","ping_status":"closed","template":"elementor_canvas","meta":{"footnotes":""},"class_list":["post-33221","page","type-page","status-publish","hentry"],"yoast_head":"<!-- This site is optimized with the Yoast SEO Premium plugin v27.3 (Yoast SEO v27.3) - https:\/\/yoast.com\/product\/yoast-seo-premium-wordpress\/ -->\n<title>Merci - Jobomax<\/title>\n<meta name=\"robots\" content=\"index, follow, max-snippet:-1, max-image-preview:large, max-video-preview:-1\" \/>\n<link rel=\"canonical\" href=\"https:\/\/africa-housing.com\/fr\/merci\/\" \/>\n<meta property=\"og:locale\" content=\"fr_FR\" \/>\n<meta property=\"og:type\" content=\"article\" \/>\n<meta property=\"og:title\" content=\"Merci\" \/>\n<meta property=\"og:description\" content=\"Merci ! Merci d&#8217;avoir rempli le formulaire de contact ! L&#8217;un de nos repr\u00e9sentants vous contactera bient\u00f4t. Si vous vous \u00eates inscrit pour recevoir le guide de voyage du Ghana, acc\u00e9dez \u00e0 la version int\u00e9grale en cliquant ici. Ou la version compress\u00e9e en cliquant ici. Visitez notre YouTube channel Visitez notre blog. Visitez notre Facebook [&hellip;]\" \/>\n<meta property=\"og:url\" content=\"https:\/\/africa-housing.com\/fr\/merci\/\" \/>\n<meta property=\"og:site_name\" content=\"Jobomax\" \/>\n<meta property=\"article:publisher\" content=\"https:\/\/www.facebook.com\/jobomax\" \/>\n<meta property=\"article:modified_time\" content=\"2025-04-07T14:01:18+00:00\" \/>\n<meta name=\"twitter:card\" content=\"summary_large_image\" \/>\n<meta name=\"twitter:site\" content=\"@jobomax\" \/>\n<meta name=\"twitter:label1\" content=\"Dur\u00e9e de lecture estim\u00e9e\" \/>\n\t<meta name=\"twitter:data1\" content=\"1 minute\" \/>\n<script type=\"application\/ld+json\" class=\"yoast-schema-graph\">{\"@context\":\"https:\\\/\\\/schema.org\",\"@graph\":[{\"@type\":\"WebPage\",\"@id\":\"https:\\\/\\\/africa-housing.com\\\/fr\\\/merci\\\/\",\"url\":\"https:\\\/\\\/africa-housing.com\\\/fr\\\/merci\\\/\",\"name\":\"Merci - Jobomax\",\"isPartOf\":{\"@id\":\"https:\\\/\\\/africa-housing.com\\\/fr\\\/#website\"},\"datePublished\":\"2023-02-14T22:30:33+00:00\",\"dateModified\":\"2025-04-07T14:01:18+00:00\",\"breadcrumb\":{\"@id\":\"https:\\\/\\\/africa-housing.com\\\/fr\\\/merci\\\/#breadcrumb\"},\"inLanguage\":\"fr-FR\",\"potentialAction\":[{\"@type\":\"ReadAction\",\"target\":[\"https:\\\/\\\/africa-housing.com\\\/fr\\\/merci\\\/\"]}]},{\"@type\":\"BreadcrumbList\",\"@id\":\"https:\\\/\\\/africa-housing.com\\\/fr\\\/merci\\\/#breadcrumb\",\"itemListElement\":[{\"@type\":\"ListItem\",\"position\":1,\"name\":\"Home\",\"item\":\"https:\\\/\\\/africa-housing.com\\\/fr\\\/\"},{\"@type\":\"ListItem\",\"position\":2,\"name\":\"Merci\"}]},{\"@type\":\"WebSite\",\"@id\":\"https:\\\/\\\/africa-housing.com\\\/fr\\\/#website\",\"url\":\"https:\\\/\\\/africa-housing.com\\\/fr\\\/\",\"name\":\"Jobomax\",\"description\":\"West Africa&#039;s Most Trusted Homebuilder\",\"publisher\":{\"@id\":\"https:\\\/\\\/africa-housing.com\\\/fr\\\/#organization\"},\"potentialAction\":[{\"@type\":\"SearchAction\",\"target\":{\"@type\":\"EntryPoint\",\"urlTemplate\":\"https:\\\/\\\/africa-housing.com\\\/fr\\\/?s={search_term_string}\"},\"query-input\":{\"@type\":\"PropertyValueSpecification\",\"valueRequired\":true,\"valueName\":\"search_term_string\"}}],\"inLanguage\":\"fr-FR\"},{\"@type\":\"Organization\",\"@id\":\"https:\\\/\\\/africa-housing.com\\\/fr\\\/#organization\",\"name\":\"Jobomax Global LTD\",\"url\":\"https:\\\/\\\/africa-housing.com\\\/fr\\\/\",\"logo\":{\"@type\":\"ImageObject\",\"inLanguage\":\"fr-FR\",\"@id\":\"https:\\\/\\\/africa-housing.com\\\/fr\\\/#\\\/schema\\\/logo\\\/image\\\/\",\"url\":\"https:\\\/\\\/africa-housing.com\\\/wp-content\\\/uploads\\\/2023\\\/02\\\/Jobomax_Logo_b_120x120.png\",\"contentUrl\":\"https:\\\/\\\/africa-housing.com\\\/wp-content\\\/uploads\\\/2023\\\/02\\\/Jobomax_Logo_b_120x120.png\",\"width\":120,\"height\":120,\"caption\":\"Jobomax Global LTD\"},\"image\":{\"@id\":\"https:\\\/\\\/africa-housing.com\\\/fr\\\/#\\\/schema\\\/logo\\\/image\\\/\"},\"sameAs\":[\"https:\\\/\\\/www.facebook.com\\\/jobomax\",\"https:\\\/\\\/x.com\\\/jobomax\",\"https:\\\/\\\/www.instagram.com\\\/jobomaxhome\\\/\",\"https:\\\/\\\/www.linkedin.com\\\/company\\\/jobomax\\\/\",\"https:\\\/\\\/www.youtube.com\\\/c\\\/AmericanHomebuildersofWestAfrica\",\"https:\\\/\\\/www.pinterest.com\\\/jobomaxhome\\\/\"]}]}<\/script>\n<!-- \/ Yoast SEO Premium plugin. -->","yoast_head_json":{"title":"Merci - Jobomax","robots":{"index":"index","follow":"follow","max-snippet":"max-snippet:-1","max-image-preview":"max-image-preview:large","max-video-preview":"max-video-preview:-1"},"canonical":"https:\/\/africa-housing.com\/fr\/merci\/","og_locale":"fr_FR","og_type":"article","og_title":"Merci","og_description":"Merci ! Merci d&#8217;avoir rempli le formulaire de contact ! L&#8217;un de nos repr\u00e9sentants vous contactera bient\u00f4t. Si vous vous \u00eates inscrit pour recevoir le guide de voyage du Ghana, acc\u00e9dez \u00e0 la version int\u00e9grale en cliquant ici. Ou la version compress\u00e9e en cliquant ici. Visitez notre YouTube channel Visitez notre blog. Visitez notre Facebook [&hellip;]","og_url":"https:\/\/africa-housing.com\/fr\/merci\/","og_site_name":"Jobomax","article_publisher":"https:\/\/www.facebook.com\/jobomax","article_modified_time":"2025-04-07T14:01:18+00:00","twitter_card":"summary_large_image","twitter_site":"@jobomax","twitter_misc":{"Dur\u00e9e de lecture estim\u00e9e":"1 minute"},"schema":{"@context":"https:\/\/schema.org","@graph":[{"@type":"WebPage","@id":"https:\/\/africa-housing.com\/fr\/merci\/","url":"https:\/\/africa-housing.com\/fr\/merci\/","name":"Merci - Jobomax","isPartOf":{"@id":"https:\/\/africa-housing.com\/fr\/#website"},"datePublished":"2023-02-14T22:30:33+00:00","dateModified":"2025-04-07T14:01:18+00:00","breadcrumb":{"@id":"https:\/\/africa-housing.com\/fr\/merci\/#breadcrumb"},"inLanguage":"fr-FR","potentialAction":[{"@type":"ReadAction","target":["https:\/\/africa-housing.com\/fr\/merci\/"]}]},{"@type":"BreadcrumbList","@id":"https:\/\/africa-housing.com\/fr\/merci\/#breadcrumb","itemListElement":[{"@type":"ListItem","position":1,"name":"Home","item":"https:\/\/africa-housing.com\/fr\/"},{"@type":"ListItem","position":2,"name":"Merci"}]},{"@type":"WebSite","@id":"https:\/\/africa-housing.com\/fr\/#website","url":"https:\/\/africa-housing.com\/fr\/","name":"Jobomax","description":"West Africa&#039;s Most Trusted Homebuilder","publisher":{"@id":"https:\/\/africa-housing.com\/fr\/#organization"},"potentialAction":[{"@type":"SearchAction","target":{"@type":"EntryPoint","urlTemplate":"https:\/\/africa-housing.com\/fr\/?s={search_term_string}"},"query-input":{"@type":"PropertyValueSpecification","valueRequired":true,"valueName":"search_term_string"}}],"inLanguage":"fr-FR"},{"@type":"Organization","@id":"https:\/\/africa-housing.com\/fr\/#organization","name":"Jobomax Global LTD","url":"https:\/\/africa-housing.com\/fr\/","logo":{"@type":"ImageObject","inLanguage":"fr-FR","@id":"https:\/\/africa-housing.com\/fr\/#\/schema\/logo\/image\/","url":"https:\/\/africa-housing.com\/wp-content\/uploads\/2023\/02\/Jobomax_Logo_b_120x120.png","contentUrl":"https:\/\/africa-housing.com\/wp-content\/uploads\/2023\/02\/Jobomax_Logo_b_120x120.png","width":120,"height":120,"caption":"Jobomax Global LTD"},"image":{"@id":"https:\/\/africa-housing.com\/fr\/#\/schema\/logo\/image\/"},"sameAs":["https:\/\/www.facebook.com\/jobomax","https:\/\/x.com\/jobomax","https:\/\/www.instagram.com\/jobomaxhome\/","https:\/\/www.linkedin.com\/company\/jobomax\/","https:\/\/www.youtube.com\/c\/AmericanHomebuildersofWestAfrica","https:\/\/www.pinterest.com\/jobomaxhome\/"]}]}},"_links":{"self":[{"href":"https:\/\/africa-housing.com\/fr\/wp-json\/wp\/v2\/pages\/33221","targetHints":{"allow":["GET"]}}],"collection":[{"href":"https:\/\/africa-housing.com\/fr\/wp-json\/wp\/v2\/pages"}],"about":[{"href":"https:\/\/africa-housing.com\/fr\/wp-json\/wp\/v2\/types\/page"}],"author":[{"embeddable":true,"href":"https:\/\/africa-housing.com\/fr\/wp-json\/wp\/v2\/users\/1"}],"replies":[{"embeddable":true,"href":"https:\/\/africa-housing.com\/fr\/wp-json\/wp\/v2\/comments?post=33221"}],"version-history":[{"count":5,"href":"https:\/\/africa-housing.com\/fr\/wp-json\/wp\/v2\/pages\/33221\/revisions"}],"predecessor-version":[{"id":36979,"href":"https:\/\/africa-housing.com\/fr\/wp-json\/wp\/v2\/pages\/33221\/revisions\/36979"}],"wp:attachment":[{"href":"https:\/\/africa-housing.com\/fr\/wp-json\/wp\/v2\/media?parent=33221"}],"curies":[{"name":"wp","href":"https:\/\/api.w.org\/{rel}","templated":true}]}}