{"id":33089,"date":"2022-07-05T12:00:05","date_gmt":"2022-07-05T10:00:05","guid":{"rendered":"https:\/\/africa-housing.com\/guides-de-paiement\/"},"modified":"2024-07-20T12:31:28","modified_gmt":"2024-07-20T10:31:28","slug":"guides-de-paiement","status":"publish","type":"page","link":"https:\/\/africa-housing.com\/fr\/guides-de-paiement\/","title":{"rendered":"Guides de paiement"},"content":{"rendered":"<body>\t\t<div data-elementor-type=\"wp-page\" data-elementor-id=\"33089\" class=\"elementor elementor-33089 elementor-28885\" data-elementor-post-type=\"page\">\n\t\t\t\t\t\t<section class=\"elementor-section elementor-top-section elementor-element elementor-element-3f65715 elementor-section-height-min-height elementor-section-boxed elementor-section-height-default elementor-section-items-middle\" data-id=\"3f65715\" data-element_type=\"section\" data-e-type=\"section\" data-settings=\"{&quot;background_background&quot;:&quot;slideshow&quot;,&quot;background_slideshow_gallery&quot;:[{&quot;id&quot;:30406,&quot;url&quot;:&quot;https:\\\/\\\/africa-housing.com\\\/wp-content\\\/uploads\\\/2022\\\/08\\\/young-african-american-family-doing-paperwork-together-sitting-at-kitchen-table-with-piles-of-paper.jpg&quot;},{&quot;id&quot;:30407,&quot;url&quot;:&quot;https:\\\/\\\/africa-housing.com\\\/wp-content\\\/uploads\\\/2022\\\/08\\\/black-family-using-computer-and-credit-card-at-home.jpg&quot;}],&quot;background_slideshow_lazyload&quot;:&quot;yes&quot;,&quot;background_slideshow_ken_burns&quot;:&quot;yes&quot;,&quot;background_slideshow_loop&quot;:&quot;yes&quot;,&quot;background_slideshow_slide_duration&quot;:5000,&quot;background_slideshow_slide_transition&quot;:&quot;fade&quot;,&quot;background_slideshow_transition_duration&quot;:500,&quot;background_slideshow_ken_burns_zoom_direction&quot;:&quot;in&quot;}\">\n\t\t\t\t\t\t\t<div class=\"elementor-background-overlay\"><\/div>\n\t\t\t\t\t\t\t<div class=\"elementor-container elementor-column-gap-default\">\n\t\t\t\t\t<div class=\"elementor-column elementor-col-100 elementor-top-column elementor-element elementor-element-1d86d2ab\" data-id=\"1d86d2ab\" data-element_type=\"column\" data-e-type=\"column\">\n\t\t\t<div class=\"elementor-widget-wrap elementor-element-populated\">\n\t\t\t\t\t\t<div class=\"elementor-element elementor-element-1685f84d elementor-align-center elementor-mobile-align-justify elementor-widget elementor-widget-button\" data-id=\"1685f84d\" data-element_type=\"widget\" data-e-type=\"widget\" data-widget_type=\"button.default\">\n\t\t\t\t<div class=\"elementor-widget-container\">\n\t\t\t\t\t\t\t\t\t<div class=\"elementor-button-wrapper\">\n\t\t\t\t\t<a class=\"elementor-button elementor-button-link elementor-size-lg elementor-animation-shrink\" href=\"https:\/\/africa-housing.com\/fr\/obtenir-un-devis\/\" target=\"_blank\">\n\t\t\t\t\t\t<span class=\"elementor-button-content-wrapper\">\n\t\t\t\t\t\t<span class=\"elementor-button-icon\">\n\t\t\t\t<i aria-hidden=\"true\" class=\"fas fa-paper-plane\"><\/i>\t\t\t<\/span>\n\t\t\t\t\t\t\t\t\t<span class=\"elementor-button-text\">En savoir plus !<\/span>\n\t\t\t\t\t<\/span>\n\t\t\t\t\t<\/a>\n\t\t\t\t<\/div>\n\t\t\t\t\t\t\t\t<\/div>\n\t\t\t\t<\/div>\n\t\t\t\t\t<\/div>\n\t\t<\/div>\n\t\t\t\t\t<\/div>\n\t\t<\/section>\n\t\t\t\t<section class=\"elementor-section elementor-top-section elementor-element elementor-element-822334b elementor-reverse-tablet elementor-reverse-mobile elementor-section-boxed elementor-section-height-default elementor-section-height-default\" data-id=\"822334b\" data-element_type=\"section\" data-e-type=\"section\">\n\t\t\t\t\t\t<div class=\"elementor-container elementor-column-gap-default\">\n\t\t\t\t\t<div class=\"elementor-column elementor-col-50 elementor-top-column elementor-element elementor-element-b6c0aec\" data-id=\"b6c0aec\" data-element_type=\"column\" data-e-type=\"column\">\n\t\t\t<div class=\"elementor-widget-wrap elementor-element-populated\">\n\t\t\t\t\t\t<div class=\"elementor-element elementor-element-b8a7c91 elementor-widget elementor-widget-image\" data-id=\"b8a7c91\" data-element_type=\"widget\" data-e-type=\"widget\" data-widget_type=\"image.default\">\n\t\t\t\t<div class=\"elementor-widget-container\">\n\t\t\t\t\t\t\t\t\t\t\t\t\t\t\t<img loading=\"lazy\" decoding=\"async\" width=\"1200\" height=\"801\" src=\"https:\/\/africa-housing.com\/wp-content\/uploads\/2022\/08\/african-family-mother-and-daughter.jpg\" class=\"attachment-full size-full wp-image-32619\" alt=\"\" srcset=\"https:\/\/africa-housing.com\/wp-content\/uploads\/2022\/08\/african-family-mother-and-daughter.jpg 1200w, https:\/\/africa-housing.com\/wp-content\/uploads\/2022\/08\/african-family-mother-and-daughter-300x200.jpg 300w, https:\/\/africa-housing.com\/wp-content\/uploads\/2022\/08\/african-family-mother-and-daughter-1024x684.jpg 1024w, https:\/\/africa-housing.com\/wp-content\/uploads\/2022\/08\/african-family-mother-and-daughter-768x513.jpg 768w\" sizes=\"auto, (max-width: 1200px) 100vw, 1200px\" loading=\"lazy\">\t\t\t\t\t\t\t\t\t\t\t\t\t\t\t<\/div>\n\t\t\t\t<\/div>\n\t\t\t\t\t<\/div>\n\t\t<\/div>\n\t\t\t\t<div class=\"elementor-column elementor-col-50 elementor-top-column elementor-element elementor-element-4249529\" data-id=\"4249529\" data-element_type=\"column\" data-e-type=\"column\">\n\t\t\t<div class=\"elementor-widget-wrap elementor-element-populated\">\n\t\t\t\t\t\t<div class=\"elementor-element elementor-element-f77a8e1 elementor-widget elementor-widget-heading\" data-id=\"f77a8e1\" data-element_type=\"widget\" data-e-type=\"widget\" data-widget_type=\"heading.default\">\n\t\t\t\t<div class=\"elementor-widget-container\">\n\t\t\t\t\t<h2 class=\"elementor-heading-title elementor-size-default\">La construction de maison simplifi\u00e9e<\/h2>\t\t\t\t<\/div>\n\t\t\t\t<\/div>\n\t\t\t\t<div class=\"elementor-element elementor-element-f92f049 elementor-widget elementor-widget-text-editor\" data-id=\"f92f049\" data-element_type=\"widget\" data-e-type=\"widget\" data-widget_type=\"text-editor.default\">\n\t\t\t\t<div class=\"elementor-widget-container\">\n\t\t\t\t\t\t\t\t\t<p>Nous facilitons l\u2019achat d\u2019une maison en Afrique de l\u2019Ouest. Que vous viviez dans la r\u00e9gion ou que vous soyez membre de la diaspora cherchant \u00e0 renouer avec vos racines, nous sommes l\u00e0 pour r\u00e9pondre \u00e0 vos besoins en mati\u00e8re de logement. Avec Jobomax, vous b\u00e9n\u00e9ficiez d\u2019une construction de qualit\u00e9, d\u2019une gestion s\u00e9curis\u00e9e et responsable de votre investissement et, si vous en avez besoin et si vous \u00eates admissible, d\u2019un financement pour vous permettre de vous offrir confortablement la maison de vos r\u00eaves.<\/p>\n<p>Si vous choisissez de financer votre maison, nous le rendons facile et s\u00fbr. En fait, apr\u00e8s que Jobomax ait vu le manque d\u2019acc\u00e8s au financement auquel \u00e9taient confront\u00e9s nos acheteurs, nous avons \u00e9t\u00e9 inspir\u00e9s pour aider, d\u2019abord en \u00e9tablissant <a href=\"https:\/\/usafricahf.com\/\">Financement du logement \u00c9tats-Unis-Afrique (USAHF)<\/a>, qui a fourni des millions dans le financement du logement ; puis en aidant \u00e0 construire <a href=\"https:\/\/www.kolaglobal.net\/\">Kola Global<\/a>, une plate-forme qui permet le financement du logement par plusieurs constructeurs, acheteurs, pays et institutions financi\u00e8res. Nous sommes des constructeurs de maisons, mais nous sommes \u00e9galement passionn\u00e9s par l\u2019inclusion financi\u00e8re.<\/p>\n\t\t\t\t\t\t\t\t<\/div>\n\t\t\t\t<\/div>\n\t\t\t\t<div class=\"elementor-element elementor-element-5e2522a elementor-mobile-align-justify elementor-widget elementor-widget-button\" data-id=\"5e2522a\" data-element_type=\"widget\" data-e-type=\"widget\" data-widget_type=\"button.default\">\n\t\t\t\t<div class=\"elementor-widget-container\">\n\t\t\t\t\t\t\t\t\t<div class=\"elementor-button-wrapper\">\n\t\t\t\t\t<a class=\"elementor-button elementor-button-link elementor-size-md\" href=\"https:\/\/africa-housing.com\/fr\/contact\/\">\n\t\t\t\t\t\t<span class=\"elementor-button-content-wrapper\">\n\t\t\t\t\t\t\t\t\t<span class=\"elementor-button-text\">Contactez-nous<\/span>\n\t\t\t\t\t<\/span>\n\t\t\t\t\t<\/a>\n\t\t\t\t<\/div>\n\t\t\t\t\t\t\t\t<\/div>\n\t\t\t\t<\/div>\n\t\t\t\t\t<\/div>\n\t\t<\/div>\n\t\t\t\t\t<\/div>\n\t\t<\/section>\n\t\t\t\t<section class=\"elementor-section elementor-top-section elementor-element elementor-element-2b8b836 elementor-reverse-tablet elementor-reverse-mobile elementor-section-boxed elementor-section-height-default elementor-section-height-default\" data-id=\"2b8b836\" data-element_type=\"section\" data-e-type=\"section\" data-settings=\"{&quot;background_background&quot;:&quot;gradient&quot;}\">\n\t\t\t\t\t\t\t<div class=\"elementor-background-overlay\"><\/div>\n\t\t\t\t\t\t\t<div class=\"elementor-container elementor-column-gap-default\">\n\t\t\t\t\t<div class=\"elementor-column elementor-col-100 elementor-top-column elementor-element elementor-element-5b7b253\" data-id=\"5b7b253\" data-element_type=\"column\" data-e-type=\"column\">\n\t\t\t<div class=\"elementor-widget-wrap elementor-element-populated\">\n\t\t\t\t\t\t<div class=\"elementor-element elementor-element-ded3c95 elementor-widget elementor-widget-heading\" data-id=\"ded3c95\" data-element_type=\"widget\" data-e-type=\"widget\" data-widget_type=\"heading.default\">\n\t\t\t\t<div class=\"elementor-widget-container\">\n\t\t\t\t\t<h2 class=\"elementor-heading-title elementor-size-default\">Comment \u00e7a fonctionne<\/h2>\t\t\t\t<\/div>\n\t\t\t\t<\/div>\n\t\t\t\t<div class=\"elementor-element elementor-element-7d53f5f elementor-widget__width-initial elementor-widget elementor-widget-text-editor\" data-id=\"7d53f5f\" data-element_type=\"widget\" data-e-type=\"widget\" data-widget_type=\"text-editor.default\">\n\t\t\t\t<div class=\"elementor-widget-container\">\n\t\t\t\t\t\t\t\t\t<p>Construire une maison avec Jobomax est simple. Obtenez les cl\u00e9s de votre nouvelle maison de r\u00eave en quelques \u00e9tapes simples.<\/p>\n\t\t\t\t\t\t\t\t<\/div>\n\t\t\t\t<\/div>\n\t\t\t\t<section class=\"elementor-section elementor-inner-section elementor-element elementor-element-16a2c36 elementor-section-boxed elementor-section-height-default elementor-section-height-default\" data-id=\"16a2c36\" data-element_type=\"section\" data-e-type=\"section\">\n\t\t\t\t\t\t<div class=\"elementor-container elementor-column-gap-no\">\n\t\t\t\t\t<div class=\"elementor-column elementor-col-33 elementor-inner-column elementor-element elementor-element-886477c\" data-id=\"886477c\" data-element_type=\"column\" data-e-type=\"column\">\n\t\t\t<div class=\"elementor-widget-wrap\">\n\t\t\t\t\t\t\t<\/div>\n\t\t<\/div>\n\t\t\t\t<div class=\"elementor-column elementor-col-33 elementor-inner-column elementor-element elementor-element-4bdbccc\" data-id=\"4bdbccc\" data-element_type=\"column\" data-e-type=\"column\">\n\t\t\t<div class=\"elementor-widget-wrap\">\n\t\t\t\t\t\t\t<\/div>\n\t\t<\/div>\n\t\t\t\t<div class=\"elementor-column elementor-col-33 elementor-inner-column elementor-element elementor-element-cf09127\" data-id=\"cf09127\" data-element_type=\"column\" data-e-type=\"column\">\n\t\t\t<div class=\"elementor-widget-wrap\">\n\t\t\t\t\t\t\t<\/div>\n\t\t<\/div>\n\t\t\t\t\t<\/div>\n\t\t<\/section>\n\t\t\t\t<section class=\"elementor-section elementor-inner-section elementor-element elementor-element-8f4d55b elementor-section-boxed elementor-section-height-default elementor-section-height-default\" data-id=\"8f4d55b\" data-element_type=\"section\" data-e-type=\"section\">\n\t\t\t\t\t\t<div class=\"elementor-container elementor-column-gap-no\">\n\t\t\t\t\t<div class=\"elementor-column elementor-col-25 elementor-inner-column elementor-element elementor-element-74f9f75\" data-id=\"74f9f75\" data-element_type=\"column\" data-e-type=\"column\">\n\t\t\t<div class=\"elementor-widget-wrap\">\n\t\t\t\t\t\t\t<\/div>\n\t\t<\/div>\n\t\t\t\t<div class=\"elementor-column elementor-col-25 elementor-inner-column elementor-element elementor-element-18083f4\" data-id=\"18083f4\" data-element_type=\"column\" data-e-type=\"column\">\n\t\t\t<div class=\"elementor-widget-wrap\">\n\t\t\t\t\t\t\t<\/div>\n\t\t<\/div>\n\t\t\t\t<div class=\"elementor-column elementor-col-25 elementor-inner-column elementor-element elementor-element-12a846f\" data-id=\"12a846f\" data-element_type=\"column\" data-e-type=\"column\">\n\t\t\t<div class=\"elementor-widget-wrap\">\n\t\t\t\t\t\t\t<\/div>\n\t\t<\/div>\n\t\t\t\t<div class=\"elementor-column elementor-col-25 elementor-inner-column elementor-element elementor-element-f150a60\" data-id=\"f150a60\" data-element_type=\"column\" data-e-type=\"column\">\n\t\t\t<div class=\"elementor-widget-wrap\">\n\t\t\t\t\t\t\t<\/div>\n\t\t<\/div>\n\t\t\t\t\t<\/div>\n\t\t<\/section>\n\t\t\t\t\t<\/div>\n\t\t<\/div>\n\t\t\t\t\t<\/div>\n\t\t<\/section>\n\t\t\t\t<section class=\"elementor-section elementor-top-section elementor-element elementor-element-f159e1b elementor-section-boxed elementor-section-height-default elementor-section-height-default\" data-id=\"f159e1b\" data-element_type=\"section\" data-e-type=\"section\" data-settings=\"{&quot;background_background&quot;:&quot;classic&quot;}\">\n\t\t\t\t\t\t\t<div class=\"elementor-background-overlay\"><\/div>\n\t\t\t\t\t\t\t<div class=\"elementor-container elementor-column-gap-default\">\n\t\t\t\t\t<div class=\"elementor-column elementor-col-50 elementor-top-column elementor-element elementor-element-30d2662\" data-id=\"30d2662\" data-element_type=\"column\" data-e-type=\"column\">\n\t\t\t<div class=\"elementor-widget-wrap elementor-element-populated\">\n\t\t\t\t\t\t<div class=\"elementor-element elementor-element-7021ed6 elementor-widget elementor-widget-heading\" data-id=\"7021ed6\" data-element_type=\"widget\" data-e-type=\"widget\" data-widget_type=\"heading.default\">\n\t\t\t\t<div class=\"elementor-widget-container\">\n\t\t\t\t\t<h2 class=\"elementor-heading-title elementor-size-default\">Obtenez la maison de qualit\u00e9 que vous m\u00e9ritez.<br>Obtenez un devis aujourd'hui.\n<\/h2>\t\t\t\t<\/div>\n\t\t\t\t<\/div>\n\t\t\t\t\t<\/div>\n\t\t<\/div>\n\t\t\t\t<div class=\"elementor-column elementor-col-50 elementor-top-column elementor-element elementor-element-bf56cdf\" data-id=\"bf56cdf\" data-element_type=\"column\" data-e-type=\"column\">\n\t\t\t<div class=\"elementor-widget-wrap elementor-element-populated\">\n\t\t\t\t\t\t<div class=\"elementor-element elementor-element-ed8cf04 elementor-align-right elementor-mobile-align-justify elementor-widget elementor-widget-button\" data-id=\"ed8cf04\" data-element_type=\"widget\" data-e-type=\"widget\" data-widget_type=\"button.default\">\n\t\t\t\t<div class=\"elementor-widget-container\">\n\t\t\t\t\t\t\t\t\t<div class=\"elementor-button-wrapper\">\n\t\t\t\t\t<a class=\"elementor-button elementor-button-link elementor-size-md\" href=\"https:\/\/africa-housing.com\/fr\/obtenir-un-devis\/\" target=\"_blank\">\n\t\t\t\t\t\t<span class=\"elementor-button-content-wrapper\">\n\t\t\t\t\t\t<span class=\"elementor-button-icon\">\n\t\t\t\t<i aria-hidden=\"true\" class=\"fas fa-paper-plane\"><\/i>\t\t\t<\/span>\n\t\t\t\t\t\t\t\t\t<span class=\"elementor-button-text\">Devis rapide et gratuit<\/span>\n\t\t\t\t\t<\/span>\n\t\t\t\t\t<\/a>\n\t\t\t\t<\/div>\n\t\t\t\t\t\t\t\t<\/div>\n\t\t\t\t<\/div>\n\t\t\t\t\t<\/div>\n\t\t<\/div>\n\t\t\t\t\t<\/div>\n\t\t<\/section>\n\t\t\t\t<\/div>\n\t\t<\/body>","protected":false},"excerpt":{"rendered":"<p>En savoir plus ! La construction de maison simplifi\u00e9e Nous facilitons l&#8217;achat d&#8217;une maison en Afrique de l&#8217;Ouest. Que vous viviez dans la r\u00e9gion ou que vous soyez membre de la diaspora cherchant \u00e0 renouer avec vos racines, nous sommes l\u00e0 pour r\u00e9pondre \u00e0 vos besoins en mati\u00e8re de logement. Avec Jobomax, vous b\u00e9n\u00e9ficiez d&#8217;une [&hellip;]<\/p>\n","protected":false},"author":1,"featured_media":0,"parent":0,"menu_order":0,"comment_status":"closed","ping_status":"closed","template":"","meta":{"footnotes":""},"class_list":["post-33089","page","type-page","status-publish","hentry"],"yoast_head":"<!-- This site is optimized with the Yoast SEO Premium plugin v27.3 (Yoast SEO v27.5) - https:\/\/yoast.com\/product\/yoast-seo-premium-wordpress\/ -->\n<title>Guides de paiement - Jobomax<\/title>\n<meta name=\"robots\" content=\"index, follow, max-snippet:-1, max-image-preview:large, max-video-preview:-1\" \/>\n<link rel=\"canonical\" href=\"https:\/\/africa-housing.com\/fr\/guides-de-paiement\/\" \/>\n<meta property=\"og:locale\" content=\"fr_FR\" \/>\n<meta property=\"og:type\" content=\"article\" \/>\n<meta property=\"og:title\" content=\"Guides de paiement\" \/>\n<meta property=\"og:description\" content=\"En savoir plus ! La construction de maison simplifi\u00e9e Nous facilitons l&#8217;achat d&#8217;une maison en Afrique de l&#8217;Ouest. Que vous viviez dans la r\u00e9gion ou que vous soyez membre de la diaspora cherchant \u00e0 renouer avec vos racines, nous sommes l\u00e0 pour r\u00e9pondre \u00e0 vos besoins en mati\u00e8re de logement. Avec Jobomax, vous b\u00e9n\u00e9ficiez d&#8217;une [&hellip;]\" \/>\n<meta property=\"og:url\" content=\"https:\/\/africa-housing.com\/fr\/guides-de-paiement\/\" \/>\n<meta property=\"og:site_name\" content=\"Jobomax\" \/>\n<meta property=\"article:publisher\" content=\"https:\/\/www.facebook.com\/jobomax\" \/>\n<meta property=\"article:modified_time\" content=\"2024-07-20T10:31:28+00:00\" \/>\n<meta property=\"og:image\" content=\"https:\/\/africa-housing.com\/wp-content\/uploads\/2022\/08\/african-family-mother-and-daughter.jpg\" \/>\n<meta name=\"twitter:card\" content=\"summary_large_image\" \/>\n<meta name=\"twitter:site\" content=\"@jobomax\" \/>\n<meta name=\"twitter:label1\" content=\"Dur\u00e9e de lecture estim\u00e9e\" \/>\n\t<meta name=\"twitter:data1\" content=\"1 minute\" \/>\n<script type=\"application\/ld+json\" class=\"yoast-schema-graph\">{\"@context\":\"https:\\\/\\\/schema.org\",\"@graph\":[{\"@type\":\"WebPage\",\"@id\":\"https:\\\/\\\/africa-housing.com\\\/fr\\\/guides-de-paiement\\\/\",\"url\":\"https:\\\/\\\/africa-housing.com\\\/fr\\\/guides-de-paiement\\\/\",\"name\":\"Guides de paiement - Jobomax\",\"isPartOf\":{\"@id\":\"https:\\\/\\\/africa-housing.com\\\/fr\\\/#website\"},\"primaryImageOfPage\":{\"@id\":\"https:\\\/\\\/africa-housing.com\\\/fr\\\/guides-de-paiement\\\/#primaryimage\"},\"image\":{\"@id\":\"https:\\\/\\\/africa-housing.com\\\/fr\\\/guides-de-paiement\\\/#primaryimage\"},\"thumbnailUrl\":\"https:\\\/\\\/africa-housing.com\\\/wp-content\\\/uploads\\\/2022\\\/08\\\/african-family-mother-and-daughter.jpg\",\"datePublished\":\"2022-07-05T10:00:05+00:00\",\"dateModified\":\"2024-07-20T10:31:28+00:00\",\"breadcrumb\":{\"@id\":\"https:\\\/\\\/africa-housing.com\\\/fr\\\/guides-de-paiement\\\/#breadcrumb\"},\"inLanguage\":\"fr-FR\",\"potentialAction\":[{\"@type\":\"ReadAction\",\"target\":[\"https:\\\/\\\/africa-housing.com\\\/fr\\\/guides-de-paiement\\\/\"]}]},{\"@type\":\"ImageObject\",\"inLanguage\":\"fr-FR\",\"@id\":\"https:\\\/\\\/africa-housing.com\\\/fr\\\/guides-de-paiement\\\/#primaryimage\",\"url\":\"https:\\\/\\\/africa-housing.com\\\/wp-content\\\/uploads\\\/2022\\\/08\\\/african-family-mother-and-daughter.jpg\",\"contentUrl\":\"https:\\\/\\\/africa-housing.com\\\/wp-content\\\/uploads\\\/2022\\\/08\\\/african-family-mother-and-daughter.jpg\"},{\"@type\":\"BreadcrumbList\",\"@id\":\"https:\\\/\\\/africa-housing.com\\\/fr\\\/guides-de-paiement\\\/#breadcrumb\",\"itemListElement\":[{\"@type\":\"ListItem\",\"position\":1,\"name\":\"Home\",\"item\":\"https:\\\/\\\/africa-housing.com\\\/fr\\\/\"},{\"@type\":\"ListItem\",\"position\":2,\"name\":\"Guides de paiement\"}]},{\"@type\":\"WebSite\",\"@id\":\"https:\\\/\\\/africa-housing.com\\\/fr\\\/#website\",\"url\":\"https:\\\/\\\/africa-housing.com\\\/fr\\\/\",\"name\":\"Jobomax\",\"description\":\"West Africa&#039;s Most Trusted Homebuilder\",\"publisher\":{\"@id\":\"https:\\\/\\\/africa-housing.com\\\/fr\\\/#organization\"},\"potentialAction\":[{\"@type\":\"SearchAction\",\"target\":{\"@type\":\"EntryPoint\",\"urlTemplate\":\"https:\\\/\\\/africa-housing.com\\\/fr\\\/?s={search_term_string}\"},\"query-input\":{\"@type\":\"PropertyValueSpecification\",\"valueRequired\":true,\"valueName\":\"search_term_string\"}}],\"inLanguage\":\"fr-FR\"},{\"@type\":\"Organization\",\"@id\":\"https:\\\/\\\/africa-housing.com\\\/fr\\\/#organization\",\"name\":\"Jobomax Global LTD\",\"url\":\"https:\\\/\\\/africa-housing.com\\\/fr\\\/\",\"logo\":{\"@type\":\"ImageObject\",\"inLanguage\":\"fr-FR\",\"@id\":\"https:\\\/\\\/africa-housing.com\\\/fr\\\/#\\\/schema\\\/logo\\\/image\\\/\",\"url\":\"https:\\\/\\\/africa-housing.com\\\/wp-content\\\/uploads\\\/2023\\\/02\\\/Jobomax_Logo_b_120x120.png\",\"contentUrl\":\"https:\\\/\\\/africa-housing.com\\\/wp-content\\\/uploads\\\/2023\\\/02\\\/Jobomax_Logo_b_120x120.png\",\"width\":120,\"height\":120,\"caption\":\"Jobomax Global LTD\"},\"image\":{\"@id\":\"https:\\\/\\\/africa-housing.com\\\/fr\\\/#\\\/schema\\\/logo\\\/image\\\/\"},\"sameAs\":[\"https:\\\/\\\/www.facebook.com\\\/jobomax\",\"https:\\\/\\\/x.com\\\/jobomax\",\"https:\\\/\\\/www.instagram.com\\\/jobomaxhome\\\/\",\"https:\\\/\\\/www.linkedin.com\\\/company\\\/jobomax\\\/\",\"https:\\\/\\\/www.youtube.com\\\/c\\\/AmericanHomebuildersofWestAfrica\",\"https:\\\/\\\/www.pinterest.com\\\/jobomaxhome\\\/\"]}]}<\/script>\n<!-- \/ Yoast SEO Premium plugin. -->","yoast_head_json":{"title":"Guides de paiement - Jobomax","robots":{"index":"index","follow":"follow","max-snippet":"max-snippet:-1","max-image-preview":"max-image-preview:large","max-video-preview":"max-video-preview:-1"},"canonical":"https:\/\/africa-housing.com\/fr\/guides-de-paiement\/","og_locale":"fr_FR","og_type":"article","og_title":"Guides de paiement","og_description":"En savoir plus ! La construction de maison simplifi\u00e9e Nous facilitons l&#8217;achat d&#8217;une maison en Afrique de l&#8217;Ouest. Que vous viviez dans la r\u00e9gion ou que vous soyez membre de la diaspora cherchant \u00e0 renouer avec vos racines, nous sommes l\u00e0 pour r\u00e9pondre \u00e0 vos besoins en mati\u00e8re de logement. Avec Jobomax, vous b\u00e9n\u00e9ficiez d&#8217;une [&hellip;]","og_url":"https:\/\/africa-housing.com\/fr\/guides-de-paiement\/","og_site_name":"Jobomax","article_publisher":"https:\/\/www.facebook.com\/jobomax","article_modified_time":"2024-07-20T10:31:28+00:00","og_image":[{"url":"https:\/\/africa-housing.com\/wp-content\/uploads\/2022\/08\/african-family-mother-and-daughter.jpg","type":"","width":"","height":""}],"twitter_card":"summary_large_image","twitter_site":"@jobomax","twitter_misc":{"Dur\u00e9e de lecture estim\u00e9e":"1 minute"},"schema":{"@context":"https:\/\/schema.org","@graph":[{"@type":"WebPage","@id":"https:\/\/africa-housing.com\/fr\/guides-de-paiement\/","url":"https:\/\/africa-housing.com\/fr\/guides-de-paiement\/","name":"Guides de paiement - Jobomax","isPartOf":{"@id":"https:\/\/africa-housing.com\/fr\/#website"},"primaryImageOfPage":{"@id":"https:\/\/africa-housing.com\/fr\/guides-de-paiement\/#primaryimage"},"image":{"@id":"https:\/\/africa-housing.com\/fr\/guides-de-paiement\/#primaryimage"},"thumbnailUrl":"https:\/\/africa-housing.com\/wp-content\/uploads\/2022\/08\/african-family-mother-and-daughter.jpg","datePublished":"2022-07-05T10:00:05+00:00","dateModified":"2024-07-20T10:31:28+00:00","breadcrumb":{"@id":"https:\/\/africa-housing.com\/fr\/guides-de-paiement\/#breadcrumb"},"inLanguage":"fr-FR","potentialAction":[{"@type":"ReadAction","target":["https:\/\/africa-housing.com\/fr\/guides-de-paiement\/"]}]},{"@type":"ImageObject","inLanguage":"fr-FR","@id":"https:\/\/africa-housing.com\/fr\/guides-de-paiement\/#primaryimage","url":"https:\/\/africa-housing.com\/wp-content\/uploads\/2022\/08\/african-family-mother-and-daughter.jpg","contentUrl":"https:\/\/africa-housing.com\/wp-content\/uploads\/2022\/08\/african-family-mother-and-daughter.jpg"},{"@type":"BreadcrumbList","@id":"https:\/\/africa-housing.com\/fr\/guides-de-paiement\/#breadcrumb","itemListElement":[{"@type":"ListItem","position":1,"name":"Home","item":"https:\/\/africa-housing.com\/fr\/"},{"@type":"ListItem","position":2,"name":"Guides de paiement"}]},{"@type":"WebSite","@id":"https:\/\/africa-housing.com\/fr\/#website","url":"https:\/\/africa-housing.com\/fr\/","name":"Jobomax","description":"West Africa&#039;s Most Trusted Homebuilder","publisher":{"@id":"https:\/\/africa-housing.com\/fr\/#organization"},"potentialAction":[{"@type":"SearchAction","target":{"@type":"EntryPoint","urlTemplate":"https:\/\/africa-housing.com\/fr\/?s={search_term_string}"},"query-input":{"@type":"PropertyValueSpecification","valueRequired":true,"valueName":"search_term_string"}}],"inLanguage":"fr-FR"},{"@type":"Organization","@id":"https:\/\/africa-housing.com\/fr\/#organization","name":"Jobomax Global LTD","url":"https:\/\/africa-housing.com\/fr\/","logo":{"@type":"ImageObject","inLanguage":"fr-FR","@id":"https:\/\/africa-housing.com\/fr\/#\/schema\/logo\/image\/","url":"https:\/\/africa-housing.com\/wp-content\/uploads\/2023\/02\/Jobomax_Logo_b_120x120.png","contentUrl":"https:\/\/africa-housing.com\/wp-content\/uploads\/2023\/02\/Jobomax_Logo_b_120x120.png","width":120,"height":120,"caption":"Jobomax Global LTD"},"image":{"@id":"https:\/\/africa-housing.com\/fr\/#\/schema\/logo\/image\/"},"sameAs":["https:\/\/www.facebook.com\/jobomax","https:\/\/x.com\/jobomax","https:\/\/www.instagram.com\/jobomaxhome\/","https:\/\/www.linkedin.com\/company\/jobomax\/","https:\/\/www.youtube.com\/c\/AmericanHomebuildersofWestAfrica","https:\/\/www.pinterest.com\/jobomaxhome\/"]}]}},"_links":{"self":[{"href":"https:\/\/africa-housing.com\/fr\/wp-json\/wp\/v2\/pages\/33089","targetHints":{"allow":["GET"]}}],"collection":[{"href":"https:\/\/africa-housing.com\/fr\/wp-json\/wp\/v2\/pages"}],"about":[{"href":"https:\/\/africa-housing.com\/fr\/wp-json\/wp\/v2\/types\/page"}],"author":[{"embeddable":true,"href":"https:\/\/africa-housing.com\/fr\/wp-json\/wp\/v2\/users\/1"}],"replies":[{"embeddable":true,"href":"https:\/\/africa-housing.com\/fr\/wp-json\/wp\/v2\/comments?post=33089"}],"version-history":[{"count":2,"href":"https:\/\/africa-housing.com\/fr\/wp-json\/wp\/v2\/pages\/33089\/revisions"}],"predecessor-version":[{"id":36134,"href":"https:\/\/africa-housing.com\/fr\/wp-json\/wp\/v2\/pages\/33089\/revisions\/36134"}],"wp:attachment":[{"href":"https:\/\/africa-housing.com\/fr\/wp-json\/wp\/v2\/media?parent=33089"}],"curies":[{"name":"wp","href":"https:\/\/api.w.org\/{rel}","templated":true}]}}