{"id":32853,"date":"2022-07-05T11:59:52","date_gmt":"2022-07-05T09:59:52","guid":{"rendered":"https:\/\/africa-housing.com\/contact\/"},"modified":"2026-03-12T08:52:31","modified_gmt":"2026-03-12T07:52:31","slug":"contact","status":"publish","type":"page","link":"https:\/\/africa-housing.com\/fr\/contact\/","title":{"rendered":"Contact"},"content":{"rendered":"<body>\t\t<div data-elementor-type=\"wp-page\" data-elementor-id=\"32853\" class=\"elementor elementor-32853 elementor-28881\" data-elementor-post-type=\"page\">\n\t\t\t\t\t\t<section class=\"elementor-section elementor-top-section elementor-element elementor-element-2681b852 elementor-section-height-min-height elementor-section-boxed elementor-section-height-default elementor-section-items-middle\" data-id=\"2681b852\" data-element_type=\"section\" data-e-type=\"section\" data-settings=\"{&quot;background_background&quot;:&quot;slideshow&quot;,&quot;background_slideshow_gallery&quot;:[{&quot;id&quot;:32661,&quot;url&quot;:&quot;https:\\\/\\\/africa-housing.com\\\/wp-content\\\/uploads\\\/2022\\\/08\\\/happy-african-american-family-playing-in-new-house-with-box-filling-material.jpg&quot;},{&quot;id&quot;:32631,&quot;url&quot;:&quot;https:\\\/\\\/africa-housing.com\\\/wp-content\\\/uploads\\\/2022\\\/08\\\/portrait-of-smiling-afro-american-woman-e1676324450551.jpg&quot;},{&quot;id&quot;:32799,&quot;url&quot;:&quot;https:\\\/\\\/africa-housing.com\\\/wp-content\\\/uploads\\\/2023\\\/01\\\/new-home-new-adventure-e1676324470198.jpg&quot;},{&quot;id&quot;:32803,&quot;url&quot;:&quot;https:\\\/\\\/africa-housing.com\\\/wp-content\\\/uploads\\\/2023\\\/01\\\/couple-moving-into-new-house-e1676324490222.jpg&quot;}],&quot;background_slideshow_lazyload&quot;:&quot;yes&quot;,&quot;background_slideshow_ken_burns&quot;:&quot;yes&quot;,&quot;background_slideshow_loop&quot;:&quot;yes&quot;,&quot;background_slideshow_slide_duration&quot;:5000,&quot;background_slideshow_slide_transition&quot;:&quot;fade&quot;,&quot;background_slideshow_transition_duration&quot;:500,&quot;background_slideshow_ken_burns_zoom_direction&quot;:&quot;in&quot;}\">\n\t\t\t\t\t\t\t<div class=\"elementor-background-overlay\"><\/div>\n\t\t\t\t\t\t\t<div class=\"elementor-container elementor-column-gap-default\">\n\t\t\t\t\t<div class=\"elementor-column elementor-col-100 elementor-top-column elementor-element elementor-element-6c3cd5b5\" data-id=\"6c3cd5b5\" data-element_type=\"column\" data-e-type=\"column\">\n\t\t\t<div class=\"elementor-widget-wrap elementor-element-populated\">\n\t\t\t\t\t\t<div class=\"elementor-element elementor-element-1264ac2b elementor-widget elementor-widget-heading\" data-id=\"1264ac2b\" data-element_type=\"widget\" data-e-type=\"widget\" data-widget_type=\"heading.default\">\n\t\t\t\t<div class=\"elementor-widget-container\">\n\t\t\t\t\t<h1 class=\"elementor-heading-title elementor-size-default\">Contactez-nous pour des maisons de luxe en Afrique de l'Ouest<\/h1>\t\t\t\t<\/div>\n\t\t\t\t<\/div>\n\t\t\t\t\t<\/div>\n\t\t<\/div>\n\t\t\t\t\t<\/div>\n\t\t<\/section>\n\t\t\t\t<section class=\"elementor-section elementor-top-section elementor-element elementor-element-8d73850 elementor-reverse-tablet elementor-reverse-mobile elementor-section-boxed elementor-section-height-default elementor-section-height-default\" data-id=\"8d73850\" data-element_type=\"section\" data-e-type=\"section\">\n\t\t\t\t\t\t<div class=\"elementor-container elementor-column-gap-default\">\n\t\t\t\t\t<div class=\"elementor-column elementor-col-50 elementor-top-column elementor-element elementor-element-a4ebe10\" data-id=\"a4ebe10\" data-element_type=\"column\" data-e-type=\"column\">\n\t\t\t<div class=\"elementor-widget-wrap elementor-element-populated\">\n\t\t\t\t\t<div class=\"elementor-background-overlay\"><\/div>\n\t\t\t\t\t\t<div class=\"elementor-element elementor-element-16e5dc7 elementor-widget elementor-widget-html\" data-id=\"16e5dc7\" data-element_type=\"widget\" data-e-type=\"widget\" data-widget_type=\"html.default\">\n\t\t\t\t<div class=\"elementor-widget-container\">\n\t\t\t\t\t<script data-b24-form=\"inline\/8\/yy8uak\" data-skip-moving=\"true\">(function(w,d,u){\nvar s=d.createElement('script');s.async=true;s.src=u+'?'+(Date.now()\/180000|0);\nvar h=d.getElementsByTagName('script')[0];h.parentNode.insertBefore(s,h);\n})(window,document,'https:\/\/cdn.bitrix24.com\/b771259\/crm\/form\/loader_8.js');\n<\/script>\t\t\t\t<\/div>\n\t\t\t\t<\/div>\n\t\t\t\t\t<\/div>\n\t\t<\/div>\n\t\t\t\t<div class=\"elementor-column elementor-col-50 elementor-top-column elementor-element elementor-element-aaf5181\" data-id=\"aaf5181\" data-element_type=\"column\" data-e-type=\"column\">\n\t\t\t<div class=\"elementor-widget-wrap elementor-element-populated\">\n\t\t\t\t\t\t<div class=\"elementor-element elementor-element-df476a5 elementor-widget elementor-widget-heading\" data-id=\"df476a5\" data-element_type=\"widget\" data-e-type=\"widget\" data-widget_type=\"heading.default\">\n\t\t\t\t<div class=\"elementor-widget-container\">\n\t\t\t\t\t<h2 class=\"elementor-heading-title elementor-size-default\">Contact Jobomax<\/h2>\t\t\t\t<\/div>\n\t\t\t\t<\/div>\n\t\t\t\t<div class=\"elementor-element elementor-element-602d05a elementor-icon-list--layout-traditional elementor-list-item-link-full_width elementor-widget elementor-widget-icon-list\" data-id=\"602d05a\" data-element_type=\"widget\" data-e-type=\"widget\" data-widget_type=\"icon-list.default\">\n\t\t\t\t<div class=\"elementor-widget-container\">\n\t\t\t\t\t\t\t<ul class=\"elementor-icon-list-items\">\n\t\t\t\t\t\t\t<li class=\"elementor-icon-list-item\">\n\t\t\t\t\t\t\t\t\t\t\t<a href=\"https:\/\/goo.gl\/maps\/6uRyDYYrqZV37q226\" target=\"_blank\">\n\n\t\t\t\t\t\t\t\t\t\t\t\t<span class=\"elementor-icon-list-icon\">\n\t\t\t\t\t\t\t<i aria-hidden=\"true\" class=\"fas fa-map-marked-alt\"><\/i>\t\t\t\t\t\t<\/span>\n\t\t\t\t\t\t\t\t\t\t<span class=\"elementor-icon-list-text\">21 South 11th Street, Philadelphia, PA 19107 USA<\/span>\n\t\t\t\t\t\t\t\t\t\t\t<\/a>\n\t\t\t\t\t\t\t\t\t<\/li>\n\t\t\t\t\t\t\t\t<li class=\"elementor-icon-list-item\">\n\t\t\t\t\t\t\t\t\t\t\t<a href=\"https:\/\/www.google.com\/maps\/place\/Jobomax+Guin%C3%A9e+%2F+American+Homebuilders\/@9.5329254,-13.6822092,199m\/data=!3m1!1e3!4m6!3m5!1s0xf1cd1568ee5b395:0x89ba378db91fe0a1!8m2!3d9.5329254!4d-13.6815641!16s%2Fg%2F11vrtpvpsc?entry=ttu&amp;g_ep=EgoyMDI1MDEwNy4wIKXMDSoASAFQAw%3D%3D\" target=\"_blank\">\n\n\t\t\t\t\t\t\t\t\t\t\t\t<span class=\"elementor-icon-list-icon\">\n\t\t\t\t\t\t\t<i aria-hidden=\"true\" class=\"fas fa-map-marked-alt\"><\/i>\t\t\t\t\t\t<\/span>\n\t\t\t\t\t\t\t\t\t\t<span class=\"elementor-icon-list-text\">Immeuble Sonoco, KA 032 Av. William Tubman, Quartier Almany, <br>Commune de Kaloum<\/span>\n\t\t\t\t\t\t\t\t\t\t\t<\/a>\n\t\t\t\t\t\t\t\t\t<\/li>\n\t\t\t\t\t\t\t\t<li class=\"elementor-icon-list-item\">\n\t\t\t\t\t\t\t\t\t\t\t<a href=\"tel:0012152533691\" target=\"_blank\">\n\n\t\t\t\t\t\t\t\t\t\t\t\t<span class=\"elementor-icon-list-icon\">\n\t\t\t\t\t\t\t<i aria-hidden=\"true\" class=\"fas fa-phone-alt\"><\/i>\t\t\t\t\t\t<\/span>\n\t\t\t\t\t\t\t\t\t\t<span class=\"elementor-icon-list-text\">(Tel\/SMS) +1 215 253 3691<\/span>\n\t\t\t\t\t\t\t\t\t\t\t<\/a>\n\t\t\t\t\t\t\t\t\t<\/li>\n\t\t\t\t\t\t\t\t<li class=\"elementor-icon-list-item\">\n\t\t\t\t\t\t\t\t\t\t\t<a href=\"tel:00224669390997\" target=\"_blank\">\n\n\t\t\t\t\t\t\t\t\t\t\t\t<span class=\"elementor-icon-list-icon\">\n\t\t\t\t\t\t\t<i aria-hidden=\"true\" class=\"fas fa-phone-alt\"><\/i>\t\t\t\t\t\t<\/span>\n\t\t\t\t\t\t\t\t\t\t<span class=\"elementor-icon-list-text\">(Tel\/SMS) +224 669 39 09 97<\/span>\n\t\t\t\t\t\t\t\t\t\t\t<\/a>\n\t\t\t\t\t\t\t\t\t<\/li>\n\t\t\t\t\t\t\t\t<li class=\"elementor-icon-list-item\">\n\t\t\t\t\t\t\t\t\t\t\t<a href=\"tel:00442038850547\" target=\"_blank\">\n\n\t\t\t\t\t\t\t\t\t\t\t\t<span class=\"elementor-icon-list-icon\">\n\t\t\t\t\t\t\t<i aria-hidden=\"true\" class=\"fas fa-phone-alt\"><\/i>\t\t\t\t\t\t<\/span>\n\t\t\t\t\t\t\t\t\t\t<span class=\"elementor-icon-list-text\">(Tel) +44 20 3885 0547<\/span>\n\t\t\t\t\t\t\t\t\t\t\t<\/a>\n\t\t\t\t\t\t\t\t\t<\/li>\n\t\t\t\t\t\t\t\t<li class=\"elementor-icon-list-item\">\n\t\t\t\t\t\t\t\t\t\t\t<a href=\"tel:00224662663570\" target=\"_blank\">\n\n\t\t\t\t\t\t\t\t\t\t\t\t<span class=\"elementor-icon-list-icon\">\n\t\t\t\t\t\t\t<i aria-hidden=\"true\" class=\"fab fa-whatsapp\"><\/i>\t\t\t\t\t\t<\/span>\n\t\t\t\t\t\t\t\t\t\t<span class=\"elementor-icon-list-text\">(Whatsapp) +224 662 66 35 70<\/span>\n\t\t\t\t\t\t\t\t\t\t\t<\/a>\n\t\t\t\t\t\t\t\t\t<\/li>\n\t\t\t\t\t\t\t\t<li class=\"elementor-icon-list-item\">\n\t\t\t\t\t\t\t\t\t\t\t<a href=\"mailto:info@africa-housing.com\" target=\"_blank\">\n\n\t\t\t\t\t\t\t\t\t\t\t\t<span class=\"elementor-icon-list-icon\">\n\t\t\t\t\t\t\t<i aria-hidden=\"true\" class=\"fas fa-envelope\"><\/i>\t\t\t\t\t\t<\/span>\n\t\t\t\t\t\t\t\t\t\t<span class=\"elementor-icon-list-text\">info@africa-housing.com<\/span>\n\t\t\t\t\t\t\t\t\t\t\t<\/a>\n\t\t\t\t\t\t\t\t\t<\/li>\n\t\t\t\t\t\t\t\t<li class=\"elementor-icon-list-item\">\n\t\t\t\t\t\t\t\t\t\t\t<a href=\"https:\/\/docs.google.com\/forms\/d\/e\/1FAIpQLScnbhzq-GN-E0671CgISLkSR_uXKrjmT_oQlh72WEXB3rA7FQ\/viewform\" target=\"_blank\">\n\n\t\t\t\t\t\t\t\t\t\t\t\t<span class=\"elementor-icon-list-icon\">\n\t\t\t\t\t\t\t<i aria-hidden=\"true\" class=\"fas fa-clock\"><\/i>\t\t\t\t\t\t<\/span>\n\t\t\t\t\t\t\t\t\t\t<span class=\"elementor-icon-list-text\">Heures d'ouverture sur rendez-vous seulement (cliquez pour prendre rendez-vous)<\/span>\n\t\t\t\t\t\t\t\t\t\t\t<\/a>\n\t\t\t\t\t\t\t\t\t<\/li>\n\t\t\t\t\t\t\t\t<li class=\"elementor-icon-list-item\">\n\t\t\t\t\t\t\t\t\t\t\t<a href=\"https:\/\/docs.google.com\/forms\/d\/e\/1FAIpQLSdg-vcIz_TGVVoqELuZMghww0T62QEntllfmTpBUKK1nuM9AQ\/viewform\" target=\"_blank\">\n\n\t\t\t\t\t\t\t\t\t\t\t\t<span class=\"elementor-icon-list-icon\">\n\t\t\t\t\t\t\t<i aria-hidden=\"true\" class=\"fas fa-home\"><\/i>\t\t\t\t\t\t<\/span>\n\t\t\t\t\t\t\t\t\t\t<span class=\"elementor-icon-list-text\">Visites de chantier sur rendez-vous (cliquez pour prendre rendez-vous)<\/span>\n\t\t\t\t\t\t\t\t\t\t\t<\/a>\n\t\t\t\t\t\t\t\t\t<\/li>\n\t\t\t\t\t\t\t\t<li class=\"elementor-icon-list-item\">\n\t\t\t\t\t\t\t\t\t\t\t<a href=\"https:\/\/africa-housing.com\/fr\/programme-de-courtage-et-de-recommandation\/\">\n\n\t\t\t\t\t\t\t\t\t\t\t\t<span class=\"elementor-icon-list-icon\">\n\t\t\t\t\t\t\t<i aria-hidden=\"true\" class=\"fas fa-handshake\"><\/i>\t\t\t\t\t\t<\/span>\n\t\t\t\t\t\t\t\t\t\t<span class=\"elementor-icon-list-text\">Je suis int\u00e9ress\u00e9 par le m\u00e9tier de courtier.<\/span>\n\t\t\t\t\t\t\t\t\t\t\t<\/a>\n\t\t\t\t\t\t\t\t\t<\/li>\n\t\t\t\t\t\t<\/ul>\n\t\t\t\t\t\t<\/div>\n\t\t\t\t<\/div>\n\t\t\t\t<div class=\"elementor-element elementor-element-0d69429 e-grid-align-left elementor-shape-rounded elementor-grid-0 elementor-widget elementor-widget-social-icons\" data-id=\"0d69429\" data-element_type=\"widget\" data-e-type=\"widget\" data-widget_type=\"social-icons.default\">\n\t\t\t\t<div class=\"elementor-widget-container\">\n\t\t\t\t\t\t\t<div class=\"elementor-social-icons-wrapper elementor-grid\" role=\"list\">\n\t\t\t\t\t\t\t<span class=\"elementor-grid-item\" role=\"listitem\">\n\t\t\t\t\t<a class=\"elementor-icon elementor-social-icon elementor-social-icon-youtube elementor-animation-pulse elementor-repeater-item-3261061\" href=\"https:\/\/www.youtube.com\/channel\/UCMjBBrRL_rpcB7aEKGPVAlQ\" target=\"_blank\">\n\t\t\t\t\t\t<span class=\"elementor-screen-only\">Youtube<\/span>\n\t\t\t\t\t\t<i aria-hidden=\"true\" class=\"fab fa-youtube\"><\/i>\t\t\t\t\t<\/a>\n\t\t\t\t<\/span>\n\t\t\t\t\t\t\t<span class=\"elementor-grid-item\" role=\"listitem\">\n\t\t\t\t\t<a class=\"elementor-icon elementor-social-icon elementor-social-icon-facebook elementor-animation-pulse elementor-repeater-item-d41cff1\" href=\"https:\/\/www.facebook.com\/jobomax\" target=\"_blank\">\n\t\t\t\t\t\t<span class=\"elementor-screen-only\">Facebook<\/span>\n\t\t\t\t\t\t<i aria-hidden=\"true\" class=\"fab fa-facebook\"><\/i>\t\t\t\t\t<\/a>\n\t\t\t\t<\/span>\n\t\t\t\t\t\t\t<span class=\"elementor-grid-item\" role=\"listitem\">\n\t\t\t\t\t<a class=\"elementor-icon elementor-social-icon elementor-social-icon-linkedin elementor-animation-pulse elementor-repeater-item-a3a7c13\" href=\"https:\/\/www.linkedin.com\/company\/jobomax\/posts\/?feedView=all&amp;viewAsMember=true\" target=\"_blank\">\n\t\t\t\t\t\t<span class=\"elementor-screen-only\">Linkedin<\/span>\n\t\t\t\t\t\t<i aria-hidden=\"true\" class=\"fab fa-linkedin\"><\/i>\t\t\t\t\t<\/a>\n\t\t\t\t<\/span>\n\t\t\t\t\t\t\t<span class=\"elementor-grid-item\" role=\"listitem\">\n\t\t\t\t\t<a class=\"elementor-icon elementor-social-icon elementor-social-icon-instagram elementor-animation-pulse elementor-repeater-item-a3c1c26\" href=\"https:\/\/www.instagram.com\/jobomaxhome\/\" target=\"_blank\">\n\t\t\t\t\t\t<span class=\"elementor-screen-only\">Instagram<\/span>\n\t\t\t\t\t\t<i aria-hidden=\"true\" class=\"fab fa-instagram\"><\/i>\t\t\t\t\t<\/a>\n\t\t\t\t<\/span>\n\t\t\t\t\t\t\t<span class=\"elementor-grid-item\" role=\"listitem\">\n\t\t\t\t\t<a class=\"elementor-icon elementor-social-icon elementor-social-icon-twitter elementor-animation-pulse elementor-repeater-item-efe96a6\" href=\"https:\/\/twitter.com\/Jobomax\" target=\"_blank\">\n\t\t\t\t\t\t<span class=\"elementor-screen-only\">Twitter<\/span>\n\t\t\t\t\t\t<i aria-hidden=\"true\" class=\"fab fa-twitter\"><\/i>\t\t\t\t\t<\/a>\n\t\t\t\t<\/span>\n\t\t\t\t\t<\/div>\n\t\t\t\t\t\t<\/div>\n\t\t\t\t<\/div>\n\t\t\t\t\t<\/div>\n\t\t<\/div>\n\t\t\t\t\t<\/div>\n\t\t<\/section>\n\t\t\t\t<\/div>\n\t\t<\/body>","protected":false},"excerpt":{"rendered":"<p>Contactez-nous pour des maisons de luxe en Afrique de l&#8217;Ouest Contact Jobomax 21 South 11th Street, Philadelphia, PA 19107 USA Immeuble Sonoco, KA 032 Av. William Tubman, Quartier Almany, Commune de Kaloum (Tel\/SMS) +1 215 253 3691 (Tel\/SMS) +224 669 39 09 97 (Tel) +44 20 3885 0547 (Whatsapp) +224 662 66 35 70 info@africa-housing.com [&hellip;]<\/p>\n","protected":false},"author":1,"featured_media":0,"parent":0,"menu_order":0,"comment_status":"closed","ping_status":"closed","template":"","meta":{"footnotes":""},"class_list":["post-32853","page","type-page","status-publish","hentry"],"yoast_head":"<!-- This site is optimized with the Yoast SEO Premium plugin v27.3 (Yoast SEO v27.5) - https:\/\/yoast.com\/product\/yoast-seo-premium-wordpress\/ -->\n<title>Maisons Luxe Afrique de l&#039;Ouest - Contact agence immobili\u00e8re<\/title>\n<meta name=\"description\" content=\"Contactez-nous pour des maisons de luxe en Afrique de l&#039;Ouest. Contactez Jobomax pour des services immobiliers d\u2019\u00e9lite et des solutions de construction de maisons.\" \/>\n<meta name=\"robots\" content=\"index, follow, max-snippet:-1, max-image-preview:large, max-video-preview:-1\" \/>\n<link rel=\"canonical\" href=\"https:\/\/africa-housing.com\/fr\/contact\/\" \/>\n<meta property=\"og:locale\" content=\"fr_FR\" \/>\n<meta property=\"og:type\" content=\"article\" \/>\n<meta property=\"og:title\" content=\"Contact\" \/>\n<meta property=\"og:description\" content=\"Contactez-nous pour des maisons de luxe en Afrique de l&#039;Ouest. Contactez Jobomax pour des services immobiliers d\u2019\u00e9lite et des solutions de construction de maisons.\" \/>\n<meta property=\"og:url\" content=\"https:\/\/africa-housing.com\/fr\/contact\/\" \/>\n<meta property=\"og:site_name\" content=\"Jobomax\" \/>\n<meta property=\"article:publisher\" content=\"https:\/\/www.facebook.com\/jobomax\" \/>\n<meta property=\"article:modified_time\" content=\"2026-03-12T07:52:31+00:00\" \/>\n<meta name=\"twitter:card\" content=\"summary_large_image\" \/>\n<meta name=\"twitter:site\" content=\"@jobomax\" \/>\n<meta name=\"twitter:label1\" content=\"Dur\u00e9e de lecture estim\u00e9e\" \/>\n\t<meta name=\"twitter:data1\" content=\"2 minutes\" \/>\n<script type=\"application\/ld+json\" class=\"yoast-schema-graph\">{\"@context\":\"https:\\\/\\\/schema.org\",\"@graph\":[{\"@type\":\"WebPage\",\"@id\":\"https:\\\/\\\/africa-housing.com\\\/fr\\\/contact\\\/\",\"url\":\"https:\\\/\\\/africa-housing.com\\\/fr\\\/contact\\\/\",\"name\":\"Maisons Luxe Afrique de l'Ouest - Contact agence immobili\u00e8re\",\"isPartOf\":{\"@id\":\"https:\\\/\\\/africa-housing.com\\\/fr\\\/#website\"},\"datePublished\":\"2022-07-05T09:59:52+00:00\",\"dateModified\":\"2026-03-12T07:52:31+00:00\",\"description\":\"Contactez-nous pour des maisons de luxe en Afrique de l'Ouest. Contactez Jobomax pour des services immobiliers d\u2019\u00e9lite et des solutions de construction de maisons.\",\"breadcrumb\":{\"@id\":\"https:\\\/\\\/africa-housing.com\\\/fr\\\/contact\\\/#breadcrumb\"},\"inLanguage\":\"fr-FR\",\"potentialAction\":[{\"@type\":\"ReadAction\",\"target\":[\"https:\\\/\\\/africa-housing.com\\\/fr\\\/contact\\\/\"]}]},{\"@type\":\"BreadcrumbList\",\"@id\":\"https:\\\/\\\/africa-housing.com\\\/fr\\\/contact\\\/#breadcrumb\",\"itemListElement\":[{\"@type\":\"ListItem\",\"position\":1,\"name\":\"Home\",\"item\":\"https:\\\/\\\/africa-housing.com\\\/fr\\\/\"},{\"@type\":\"ListItem\",\"position\":2,\"name\":\"Contact\"}]},{\"@type\":\"WebSite\",\"@id\":\"https:\\\/\\\/africa-housing.com\\\/fr\\\/#website\",\"url\":\"https:\\\/\\\/africa-housing.com\\\/fr\\\/\",\"name\":\"Jobomax\",\"description\":\"West Africa&#039;s Most Trusted Homebuilder\",\"publisher\":{\"@id\":\"https:\\\/\\\/africa-housing.com\\\/fr\\\/#organization\"},\"potentialAction\":[{\"@type\":\"SearchAction\",\"target\":{\"@type\":\"EntryPoint\",\"urlTemplate\":\"https:\\\/\\\/africa-housing.com\\\/fr\\\/?s={search_term_string}\"},\"query-input\":{\"@type\":\"PropertyValueSpecification\",\"valueRequired\":true,\"valueName\":\"search_term_string\"}}],\"inLanguage\":\"fr-FR\"},{\"@type\":\"Organization\",\"@id\":\"https:\\\/\\\/africa-housing.com\\\/fr\\\/#organization\",\"name\":\"Jobomax Global LTD\",\"url\":\"https:\\\/\\\/africa-housing.com\\\/fr\\\/\",\"logo\":{\"@type\":\"ImageObject\",\"inLanguage\":\"fr-FR\",\"@id\":\"https:\\\/\\\/africa-housing.com\\\/fr\\\/#\\\/schema\\\/logo\\\/image\\\/\",\"url\":\"https:\\\/\\\/africa-housing.com\\\/wp-content\\\/uploads\\\/2023\\\/02\\\/Jobomax_Logo_b_120x120.png\",\"contentUrl\":\"https:\\\/\\\/africa-housing.com\\\/wp-content\\\/uploads\\\/2023\\\/02\\\/Jobomax_Logo_b_120x120.png\",\"width\":120,\"height\":120,\"caption\":\"Jobomax Global LTD\"},\"image\":{\"@id\":\"https:\\\/\\\/africa-housing.com\\\/fr\\\/#\\\/schema\\\/logo\\\/image\\\/\"},\"sameAs\":[\"https:\\\/\\\/www.facebook.com\\\/jobomax\",\"https:\\\/\\\/x.com\\\/jobomax\",\"https:\\\/\\\/www.instagram.com\\\/jobomaxhome\\\/\",\"https:\\\/\\\/www.linkedin.com\\\/company\\\/jobomax\\\/\",\"https:\\\/\\\/www.youtube.com\\\/c\\\/AmericanHomebuildersofWestAfrica\",\"https:\\\/\\\/www.pinterest.com\\\/jobomaxhome\\\/\"]}]}<\/script>\n<!-- \/ Yoast SEO Premium plugin. -->","yoast_head_json":{"title":"Maisons Luxe Afrique de l'Ouest - Contact agence immobili\u00e8re","description":"Contactez-nous pour des maisons de luxe en Afrique de l'Ouest. Contactez Jobomax pour des services immobiliers d\u2019\u00e9lite et des solutions de construction de maisons.","robots":{"index":"index","follow":"follow","max-snippet":"max-snippet:-1","max-image-preview":"max-image-preview:large","max-video-preview":"max-video-preview:-1"},"canonical":"https:\/\/africa-housing.com\/fr\/contact\/","og_locale":"fr_FR","og_type":"article","og_title":"Contact","og_description":"Contactez-nous pour des maisons de luxe en Afrique de l'Ouest. Contactez Jobomax pour des services immobiliers d\u2019\u00e9lite et des solutions de construction de maisons.","og_url":"https:\/\/africa-housing.com\/fr\/contact\/","og_site_name":"Jobomax","article_publisher":"https:\/\/www.facebook.com\/jobomax","article_modified_time":"2026-03-12T07:52:31+00:00","twitter_card":"summary_large_image","twitter_site":"@jobomax","twitter_misc":{"Dur\u00e9e de lecture estim\u00e9e":"2 minutes"},"schema":{"@context":"https:\/\/schema.org","@graph":[{"@type":"WebPage","@id":"https:\/\/africa-housing.com\/fr\/contact\/","url":"https:\/\/africa-housing.com\/fr\/contact\/","name":"Maisons Luxe Afrique de l'Ouest - Contact agence immobili\u00e8re","isPartOf":{"@id":"https:\/\/africa-housing.com\/fr\/#website"},"datePublished":"2022-07-05T09:59:52+00:00","dateModified":"2026-03-12T07:52:31+00:00","description":"Contactez-nous pour des maisons de luxe en Afrique de l'Ouest. Contactez Jobomax pour des services immobiliers d\u2019\u00e9lite et des solutions de construction de maisons.","breadcrumb":{"@id":"https:\/\/africa-housing.com\/fr\/contact\/#breadcrumb"},"inLanguage":"fr-FR","potentialAction":[{"@type":"ReadAction","target":["https:\/\/africa-housing.com\/fr\/contact\/"]}]},{"@type":"BreadcrumbList","@id":"https:\/\/africa-housing.com\/fr\/contact\/#breadcrumb","itemListElement":[{"@type":"ListItem","position":1,"name":"Home","item":"https:\/\/africa-housing.com\/fr\/"},{"@type":"ListItem","position":2,"name":"Contact"}]},{"@type":"WebSite","@id":"https:\/\/africa-housing.com\/fr\/#website","url":"https:\/\/africa-housing.com\/fr\/","name":"Jobomax","description":"West Africa&#039;s Most Trusted Homebuilder","publisher":{"@id":"https:\/\/africa-housing.com\/fr\/#organization"},"potentialAction":[{"@type":"SearchAction","target":{"@type":"EntryPoint","urlTemplate":"https:\/\/africa-housing.com\/fr\/?s={search_term_string}"},"query-input":{"@type":"PropertyValueSpecification","valueRequired":true,"valueName":"search_term_string"}}],"inLanguage":"fr-FR"},{"@type":"Organization","@id":"https:\/\/africa-housing.com\/fr\/#organization","name":"Jobomax Global LTD","url":"https:\/\/africa-housing.com\/fr\/","logo":{"@type":"ImageObject","inLanguage":"fr-FR","@id":"https:\/\/africa-housing.com\/fr\/#\/schema\/logo\/image\/","url":"https:\/\/africa-housing.com\/wp-content\/uploads\/2023\/02\/Jobomax_Logo_b_120x120.png","contentUrl":"https:\/\/africa-housing.com\/wp-content\/uploads\/2023\/02\/Jobomax_Logo_b_120x120.png","width":120,"height":120,"caption":"Jobomax Global LTD"},"image":{"@id":"https:\/\/africa-housing.com\/fr\/#\/schema\/logo\/image\/"},"sameAs":["https:\/\/www.facebook.com\/jobomax","https:\/\/x.com\/jobomax","https:\/\/www.instagram.com\/jobomaxhome\/","https:\/\/www.linkedin.com\/company\/jobomax\/","https:\/\/www.youtube.com\/c\/AmericanHomebuildersofWestAfrica","https:\/\/www.pinterest.com\/jobomaxhome\/"]}]}},"_links":{"self":[{"href":"https:\/\/africa-housing.com\/fr\/wp-json\/wp\/v2\/pages\/32853","targetHints":{"allow":["GET"]}}],"collection":[{"href":"https:\/\/africa-housing.com\/fr\/wp-json\/wp\/v2\/pages"}],"about":[{"href":"https:\/\/africa-housing.com\/fr\/wp-json\/wp\/v2\/types\/page"}],"author":[{"embeddable":true,"href":"https:\/\/africa-housing.com\/fr\/wp-json\/wp\/v2\/users\/1"}],"replies":[{"embeddable":true,"href":"https:\/\/africa-housing.com\/fr\/wp-json\/wp\/v2\/comments?post=32853"}],"version-history":[{"count":5,"href":"https:\/\/africa-housing.com\/fr\/wp-json\/wp\/v2\/pages\/32853\/revisions"}],"predecessor-version":[{"id":37680,"href":"https:\/\/africa-housing.com\/fr\/wp-json\/wp\/v2\/pages\/32853\/revisions\/37680"}],"wp:attachment":[{"href":"https:\/\/africa-housing.com\/fr\/wp-json\/wp\/v2\/media?parent=32853"}],"curies":[{"name":"wp","href":"https:\/\/api.w.org\/{rel}","templated":true}]}}